{"id":638,"date":"2025-05-14T21:22:44","date_gmt":"2025-05-14T21:22:44","guid":{"rendered":"https:\/\/krypto-investigation.de\/?page_id=638"},"modified":"2026-02-26T10:49:31","modified_gmt":"2026-02-26T09:49:31","slug":"about-us","status":"publish","type":"page","link":"https:\/\/krypto-investigation.de\/en\/ueber-uns\/","title":{"rendered":"About us"},"content":{"rendered":"\t\t<div data-elementor-type=\"wp-page\" data-elementor-id=\"638\" class=\"elementor elementor-638\" data-elementor-post-type=\"page\">\n\t\t\t\t<div class=\"elementor-element elementor-element-1f6151e7 e-flex e-con-boxed elementor-repeater-item-default_padding sk-none elementor-repeater-item-none elementor-repeater-item-none_hover e-con e-parent\" data-id=\"1f6151e7\" data-element_type=\"container\" data-e-type=\"container\" data-settings=\"{&quot;background_background&quot;:&quot;classic&quot;,&quot;ang_container_spacing_size&quot;:&quot;default_padding&quot;}\">\n\t\t\t\t\t<div class=\"e-con-inner\">\n\t\t\t\t<div class=\"elementor-element elementor-element-43d17f02 two-heading elementor-repeater-item-none elementor-repeater-item-none_hover elementor-widget elementor-widget-heading\" data-id=\"43d17f02\" data-element_type=\"widget\" data-e-type=\"widget\" data-widget_type=\"heading.default\">\n\t\t\t\t\t\t\t<h1 class=\"elementor-heading-title elementor-size-default\">\u00dcber uns<\/h1>\t\t\t\t<\/div>\n\t\t\t\t<div class=\"elementor-element elementor-element-17bf55ab elementor-widget__width-initial elementor-widget-mobile__width-inherit elementor-repeater-item-none elementor-repeater-item-none_hover elementor-widget elementor-widget-heading\" data-id=\"17bf55ab\" data-element_type=\"widget\" data-e-type=\"widget\" data-widget_type=\"heading.default\">\n\t\t\t\t\t\t\t<h2 class=\"elementor-heading-title elementor-size-default\">Die Krypto Investigation ist eine eingetragene Marke der Finanz Forensik GmbH<\/h2>\t\t\t\t<\/div>\n\t\t\t\t<div class=\"elementor-element elementor-element-7a167d07 elementor-repeater-item-none elementor-repeater-item-none_hover elementor-widget elementor-widget-button\" data-id=\"7a167d07\" data-element_type=\"widget\" data-e-type=\"widget\" data-widget_type=\"button.default\">\n\t\t\t\t\t\t\t\t\t\t\t\t<a class=\"elementor-button elementor-button-link elementor-size-sm\" href=\"#elementor-action%3Aaction%3Dpopup%3Aopen%26settings%3DeyJpZCI6IjIzNjY0MCIsInRvZ2dsZSI6ZmFsc2V9\">\n\t\t\t\t\t\t<span class=\"elementor-button-content-wrapper\">\n\t\t\t\t\t\t\t\t\t<span class=\"elementor-button-text\"> Soforthilfe - Jetzt kontaktieren<\/span>\n\t\t\t\t\t<\/span>\n\t\t\t\t\t<\/a>\n\t\t\t\t\t\t\t\t<\/div>\n\t\t\t\t\t<\/div>\n\t\t\t\t<\/div>\n\t\t<div class=\"elementor-element elementor-element-1be54e9d e-flex e-con-boxed elementor-repeater-item-default_padding elementor-repeater-item-none elementor-repeater-item-none_hover e-con e-parent\" data-id=\"1be54e9d\" data-element_type=\"container\" data-e-type=\"container\" data-settings=\"{&quot;ang_container_spacing_size&quot;:&quot;default_padding&quot;}\">\n\t\t\t\t\t<div class=\"e-con-inner\">\n\t\t<div class=\"elementor-element elementor-element-a15d27f e-grid e-con-full elementor-repeater-item-default_padding elementor-repeater-item-none elementor-repeater-item-none_hover e-con e-child\" data-id=\"a15d27f\" data-element_type=\"container\" data-e-type=\"container\" data-settings=\"{&quot;ang_container_spacing_size&quot;:&quot;default_padding&quot;}\">\n\t\t<div class=\"elementor-element elementor-element-3431292f e-con-full e-flex elementor-repeater-item-default_padding sk-none elementor-repeater-item-none elementor-repeater-item-none_hover e-con e-child\" data-id=\"3431292f\" data-element_type=\"container\" data-e-type=\"container\" data-settings=\"{&quot;background_background&quot;:&quot;classic&quot;,&quot;ang_container_spacing_size&quot;:&quot;default_padding&quot;}\">\n\t\t\t\t<div class=\"elementor-element elementor-element-2898ffc6 external_elementor-repeater-item-none_external elementor-repeater-item-none elementor-repeater-item-none_hover elementor-widget elementor-widget-image\" data-id=\"2898ffc6\" data-element_type=\"widget\" data-e-type=\"widget\" data-widget_type=\"image.default\">\n\t\t\t\t\t\t\t\t\t\t\t\t\t\t\t\t\t\t<a href=\"https:\/\/krypto-investigation.de\/wp-content\/uploads\/2025\/12\/Lydia.jpg\" data-elementor-open-lightbox=\"yes\" data-elementor-lightbox-title=\"Lydia.jpg\" data-e-action-hash=\"#elementor-action%3Aaction%3Dlightbox%26settings%3DeyJpZCI6MjM3NjQ0LCJ1cmwiOiJodHRwczpcL1wva3J5cHRvLWludmVzdGlnYXRpb24uZGVcL3dwLWNvbnRlbnRcL3VwbG9hZHNcLzIwMjVcLzEyXC9MeWRpYS5qcGcifQ%3D%3D\">\n\t\t\t\t\t\t\t<img fetchpriority=\"high\" decoding=\"async\" width=\"768\" height=\"960\" src=\"https:\/\/krypto-investigation.de\/wp-content\/uploads\/2025\/12\/Lydia-768x960.jpg\" class=\"attachment-medium_large size-medium_large wp-image-237644\" alt=\"\" srcset=\"https:\/\/krypto-investigation.de\/wp-content\/uploads\/2025\/12\/Lydia-768x960.jpg 768w, https:\/\/krypto-investigation.de\/wp-content\/uploads\/2025\/12\/Lydia-240x300.jpg 240w, https:\/\/krypto-investigation.de\/wp-content\/uploads\/2025\/12\/Lydia-819x1024.jpg 819w, https:\/\/krypto-investigation.de\/wp-content\/uploads\/2025\/12\/Lydia-1229x1536.jpg 1229w, https:\/\/krypto-investigation.de\/wp-content\/uploads\/2025\/12\/Lydia-1638x2048.jpg 1638w, https:\/\/krypto-investigation.de\/wp-content\/uploads\/2025\/12\/Lydia-10x12.jpg 10w, https:\/\/krypto-investigation.de\/wp-content\/uploads\/2025\/12\/Lydia.jpg 2048w\" sizes=\"(max-width: 768px) 100vw, 768px\" title=\"Lydia.jpg - Krypto Investigation\" \/>\t\t\t\t\t\t\t\t<\/a>\n\t\t\t\t\t\t\t\t\t\t\t\t\t\t\t<\/div>\n\t\t\t\t<div class=\"elementor-element elementor-element-4e1496a3 elementor-repeater-item-none elementor-repeater-item-none_hover elementor-widget elementor-widget-heading\" data-id=\"4e1496a3\" data-element_type=\"widget\" data-e-type=\"widget\" data-widget_type=\"heading.default\">\n\t\t\t\t\t\t\t<h3 class=\"elementor-heading-title elementor-size-default\">Lydia Bonhard-L\u00fcdtke<\/h3>\t\t\t\t<\/div>\n\t\t\t\t<div class=\"elementor-element elementor-element-5971db9f elementor-repeater-item-none elementor-repeater-item-none_hover elementor-widget elementor-widget-text-editor\" data-id=\"5971db9f\" data-element_type=\"widget\" data-e-type=\"widget\" data-widget_type=\"text-editor.default\">\n\t\t\t\t\t\t\t\t\t\t\t<p>Gesch\u00e4ftsf\u00fchrerin<\/p>\t\t\t\t\t\t\t\t<\/div>\n\t\t\t\t<div class=\"elementor-element elementor-element-81955ad elementor-repeater-item-none elementor-repeater-item-none_hover elementor-widget elementor-widget-text-editor\" data-id=\"81955ad\" data-element_type=\"widget\" data-e-type=\"widget\" data-widget_type=\"text-editor.default\">\n\t\t\t\t\t\t\t\t\t\t\t<p><strong>Ausbildung und Zertifizierung<\/strong><br \/>OSINT-Analystin<\/p>\t\t\t\t\t\t\t\t<\/div>\n\t\t\t\t<\/div>\n\t\t<div class=\"elementor-element elementor-element-5a25938c e-con-full e-flex elementor-repeater-item-default_padding sk-none elementor-repeater-item-none elementor-repeater-item-none_hover e-con e-child\" data-id=\"5a25938c\" data-element_type=\"container\" data-e-type=\"container\" data-settings=\"{&quot;background_background&quot;:&quot;classic&quot;,&quot;ang_container_spacing_size&quot;:&quot;default_padding&quot;}\">\n\t\t\t\t<div class=\"elementor-element elementor-element-43a595a0 external_elementor-repeater-item-none_external elementor-repeater-item-none elementor-repeater-item-none_hover elementor-widget elementor-widget-image\" data-id=\"43a595a0\" data-element_type=\"widget\" data-e-type=\"widget\" data-widget_type=\"image.default\">\n\t\t\t\t\t\t\t\t\t\t\t\t\t\t\t\t\t\t<a href=\"https:\/\/krypto-investigation.de\/wp-content\/uploads\/2025\/12\/David.jpg\" data-elementor-open-lightbox=\"yes\" data-elementor-lightbox-title=\"David.jpg\" data-e-action-hash=\"#elementor-action%3Aaction%3Dlightbox%26settings%3DeyJpZCI6MjM3NjQ1LCJ1cmwiOiJodHRwczpcL1wva3J5cHRvLWludmVzdGlnYXRpb24uZGVcL3dwLWNvbnRlbnRcL3VwbG9hZHNcLzIwMjVcLzEyXC9EYXZpZC5qcGcifQ%3D%3D\">\n\t\t\t\t\t\t\t<img decoding=\"async\" width=\"768\" height=\"960\" src=\"https:\/\/krypto-investigation.de\/wp-content\/uploads\/2025\/12\/David-768x960.jpg\" class=\"attachment-medium_large size-medium_large wp-image-237645\" alt=\"\" srcset=\"https:\/\/krypto-investigation.de\/wp-content\/uploads\/2025\/12\/David-768x960.jpg 768w, https:\/\/krypto-investigation.de\/wp-content\/uploads\/2025\/12\/David-240x300.jpg 240w, https:\/\/krypto-investigation.de\/wp-content\/uploads\/2025\/12\/David-819x1024.jpg 819w, https:\/\/krypto-investigation.de\/wp-content\/uploads\/2025\/12\/David-1229x1536.jpg 1229w, https:\/\/krypto-investigation.de\/wp-content\/uploads\/2025\/12\/David-1638x2048.jpg 1638w, https:\/\/krypto-investigation.de\/wp-content\/uploads\/2025\/12\/David-10x12.jpg 10w, https:\/\/krypto-investigation.de\/wp-content\/uploads\/2025\/12\/David.jpg 2048w\" sizes=\"(max-width: 768px) 100vw, 768px\" title=\"David.jpg - Krypto Investigation\" \/>\t\t\t\t\t\t\t\t<\/a>\n\t\t\t\t\t\t\t\t\t\t\t\t\t\t\t<\/div>\n\t\t\t\t<div class=\"elementor-element elementor-element-4963bd4d elementor-repeater-item-none elementor-repeater-item-none_hover elementor-widget elementor-widget-heading\" data-id=\"4963bd4d\" data-element_type=\"widget\" data-e-type=\"widget\" data-widget_type=\"heading.default\">\n\t\t\t\t\t\t\t<h3 class=\"elementor-heading-title elementor-size-default\">David L\u00fcdtke<\/h3>\t\t\t\t<\/div>\n\t\t\t\t<div class=\"elementor-element elementor-element-2ee644d0 elementor-repeater-item-none elementor-repeater-item-none_hover elementor-widget elementor-widget-text-editor\" data-id=\"2ee644d0\" data-element_type=\"widget\" data-e-type=\"widget\" data-widget_type=\"text-editor.default\">\n\t\t\t\t\t\t\t\t\t\t\t<p>Krypto-Forensiker<\/p>\t\t\t\t\t\t\t\t<\/div>\n\t\t\t\t<div class=\"elementor-element elementor-element-aec62f2 elementor-repeater-item-none elementor-repeater-item-none_hover elementor-widget elementor-widget-text-editor\" data-id=\"aec62f2\" data-element_type=\"widget\" data-e-type=\"widget\" data-widget_type=\"text-editor.default\">\n\t\t\t\t\t\t\t\t\t\t\t<p><strong>Ausbildung und Zertifizierung<\/strong><br \/>Crystal Expert Crypto Fundamentals (CECF)<br \/>Crystal Expert EVM Investigator (CEEI)<br \/>Crystal Expert UTXO Investigator (CEUI)<br \/>OSINT-Analyst und Krypto-Forensiker<\/p>\t\t\t\t\t\t\t\t<\/div>\n\t\t\t\t<\/div>\n\t\t\t\t<\/div>\n\t\t\t\t\t<\/div>\n\t\t\t\t<\/div>\n\t\t<div class=\"elementor-element elementor-element-7e81b7db e-flex e-con-boxed elementor-repeater-item-default_padding elementor-repeater-item-none elementor-repeater-item-none_hover e-con e-parent\" data-id=\"7e81b7db\" data-element_type=\"container\" data-e-type=\"container\" data-settings=\"{&quot;ang_container_spacing_size&quot;:&quot;default_padding&quot;}\">\n\t\t\t\t\t<div class=\"e-con-inner\">\n\t\t<div class=\"elementor-element elementor-element-7a4c6b3 e-con-full e-flex elementor-repeater-item-default_padding elementor-repeater-item-none elementor-repeater-item-none_hover e-con e-child\" data-id=\"7a4c6b3\" data-element_type=\"container\" data-e-type=\"container\" data-settings=\"{&quot;ang_container_spacing_size&quot;:&quot;default_padding&quot;}\">\n\t\t\t\t<div class=\"elementor-element elementor-element-66b40ecf elementor-repeater-item-none elementor-repeater-item-none_hover elementor-widget elementor-widget-heading\" data-id=\"66b40ecf\" data-element_type=\"widget\" data-e-type=\"widget\" data-widget_type=\"heading.default\">\n\t\t\t\t\t\t\t<h2 class=\"elementor-heading-title elementor-size-default\">Unsere Geschichte<\/h2>\t\t\t\t<\/div>\n\t\t\t\t<div class=\"elementor-element elementor-element-7029309d elementor-repeater-item-none elementor-repeater-item-none_hover elementor-widget elementor-widget-text-editor\" data-id=\"7029309d\" data-element_type=\"widget\" data-e-type=\"widget\" data-widget_type=\"text-editor.default\">\n\t\t\t\t\t\t\t\t\t\t\t<p>Ein bedauerlicher Betrug, dem wir zum Opfer gefallen sind, hat uns dazu veranlasst, uns intensiver mit dem Thema Krypto-Forensik auseinanderzusetzen. Angesichts der Machtlosigkeit gegen\u00fcber Krypto-Betr\u00fcgereien haben wir umfassende Ma\u00dfnahmen ergriffen, um sowohl unsere pers\u00f6nliche Situation zu bew\u00e4ltigen als auch nach M\u00f6glichkeiten zu suchen, zumindest einen Teil unserer Verm\u00f6genswerte zur\u00fcckzuerlangen.<\/p><h3>Das Problem der Branche<\/h3><p>Es ist bedauerlich, dass es schwierig ist, professionelle Hilfe zu erhalten. Sowohl \u201eWunderagenturen\u201c, als auch\u00a0<a href=\"https:\/\/www.bka.de\/DE\/UnsereAufgaben\/Deliktsbereiche\/Cybercrime\/cybercrime_node.html\" target=\"_blank\" rel=\"noopener\">Ermittlungsbeh\u00f6rden<\/a> erbringen keine ausreichende Unterst\u00fctzung. Viele Krypto-Agenturen machen den Betrugsopfern unrealistische Versprechen f\u00fcr schnelle, aber sinnlose Gesch\u00e4fte. Die Ermittlungsbeh\u00f6rden sind zwar willig, sind aber bez\u00fcglich der Wiederbeschaffung von Assets \u00fcberfordert und verfolgen meistens nur den Ansatz, den oder die T\u00e4ter zu fassen.<\/p><h3>Von der Not zur Expertise<\/h3><p>Das alles war f\u00fcr uns der Anlass uns mit der Krypto Forensik zu besch\u00e4ftigen und haben uns im m\u00fchevollen Selbststudium in die Thematik eingearbeitet.<\/p><p>Es haben sich dann in unserem Umfeld immer wieder Personen gefunden, die auch zu einem Betrugsopfer geworden sind. Hier haben wir dann erste Erfahrungen gesammelt, wie Betrugsopfern effektiv geholfen werden kann.<\/p><h3>Die Gr\u00fcndung von Krypto Investigation GmbH<\/h3><p>Nachdem wir immer \u00f6fter um Rat und Hilfe gefragt wurden, haben wir erkannt, es besteht ein Markt f\u00fcr L\u00f6sungen im Bereich Krypto Betrug.<\/p><p>Somit kam die Idee der Gr\u00fcndung der Krypto Investigation GmbH. Mittlerweile verf\u00fcgen wir \u00fcber hoch spezialisierte Software und Analyse Tools. Wir haben bei den relevanten Firmen uns weiter ausbilden lassen und wurden zertifiziert, sodass wir uns zertifizierte Krypto Forensiker nennen d\u00fcrfen.<br \/>Zurzeit sind wir ein Team bestehend aus der Gesch\u00e4ftsf\u00fchrung und drei Krypto Forensikern\/Ermittlern.<\/p><p>Mittlerweile ist die Krypto Investigation eine eingetragene Marke und ein eigenst\u00e4ndiger Unternehmensbereich der <a href=\"https:\/\/finanz-forensik.de\/\">Finanz Forensik GmbH.<\/a>\u00a0<\/p><h3>Unser Fokus: Ihre Verm\u00f6genswerte<\/h3><p>Unser Hauptziel ist es, kontinuierlich unsere Leistungen zu verbessern und hochwertige Dienstleistungen anzubieten.<\/p><p>Es ist unser Ziel, dass sich kein Kunde in Bezug auf seine emotionalen oder praktischen Herausforderungen alleingelassen f\u00fchlt. Im Gegensatz zu den Ermittlungsbeh\u00f6rden liegt unser Fokus nicht auf der Strafverfolgung der T\u00e4ter, sondern auf der Unterst\u00fctzung bei der Wiederbeschaffung Ihrer Verm\u00f6genswerte.<\/p><p>Sollten Sie Opfer eines Betrugs geworden sein und unsere Vorgehensweise zu Ihnen passen, sind wir der geeignete Partner an Ihrer Seite.<\/p>\t\t\t\t\t\t\t\t<\/div>\n\t\t\t\t<\/div>\n\t\t<div class=\"elementor-element elementor-element-54ff521e e-con-full e-flex elementor-repeater-item-default_padding elementor-repeater-item-none elementor-repeater-item-none_hover e-con e-child\" data-id=\"54ff521e\" data-element_type=\"container\" data-e-type=\"container\" data-settings=\"{&quot;ang_container_spacing_size&quot;:&quot;default_padding&quot;}\">\n\t\t<div class=\"elementor-element elementor-element-133dd99b e-con-full e-flex elementor-repeater-item-default_padding elementor-repeater-item-none elementor-repeater-item-none_hover e-con e-child\" data-id=\"133dd99b\" data-element_type=\"container\" data-e-type=\"container\" data-settings=\"{&quot;sticky&quot;:&quot;top&quot;,&quot;sticky_on&quot;:[&quot;desktop&quot;,&quot;tablet&quot;],&quot;sticky_offset&quot;:150,&quot;sticky_parent&quot;:&quot;yes&quot;,&quot;ang_container_spacing_size&quot;:&quot;default_padding&quot;,&quot;sticky_effects_offset&quot;:0,&quot;sticky_anchor_link_offset&quot;:0}\">\n\t\t\t\t<div class=\"elementor-element elementor-element-43f2a869 external_elementor-repeater-item-none_external elementor-repeater-item-none elementor-repeater-item-none_hover elementor-widget elementor-widget-image\" data-id=\"43f2a869\" data-element_type=\"widget\" data-e-type=\"widget\" data-widget_type=\"image.default\">\n\t\t\t\t\t\t\t\t\t\t\t\t\t\t\t\t\t<img decoding=\"async\" width=\"600\" height=\"465\" src=\"https:\/\/krypto-investigation.de\/wp-content\/uploads\/2025\/12\/kryptoinvestigation_soforthilfe.png\" class=\"attachment-large size-large wp-image-237610\" alt=\"\" srcset=\"https:\/\/krypto-investigation.de\/wp-content\/uploads\/2025\/12\/kryptoinvestigation_soforthilfe.png 600w, https:\/\/krypto-investigation.de\/wp-content\/uploads\/2025\/12\/kryptoinvestigation_soforthilfe-300x233.png 300w, https:\/\/krypto-investigation.de\/wp-content\/uploads\/2025\/12\/kryptoinvestigation_soforthilfe-15x12.png 15w\" sizes=\"(max-width: 600px) 100vw, 600px\" title=\"kryptoinvestigation_soforthilfe.png - Krypto Investigation\" \/>\t\t\t\t\t\t\t\t\t\t\t\t\t\t\t<\/div>\n\t\t\t\t<div class=\"elementor-element elementor-element-7b1ddeb5 elementor-align-justify elementor-repeater-item-none elementor-repeater-item-none_hover elementor-widget elementor-widget-button\" data-id=\"7b1ddeb5\" data-element_type=\"widget\" data-e-type=\"widget\" data-widget_type=\"button.default\">\n\t\t\t\t\t\t\t\t\t\t\t\t<a class=\"elementor-button elementor-button-link elementor-size-sm\" href=\"#elementor-action%3Aaction%3Dpopup%3Aopen%26settings%3DeyJpZCI6IjIzNjY0MCIsInRvZ2dsZSI6ZmFsc2V9\">\n\t\t\t\t\t\t<span class=\"elementor-button-content-wrapper\">\n\t\t\t\t\t\t\t\t\t<span class=\"elementor-button-text\"> Soforthilfe - Jetzt kontaktieren<\/span>\n\t\t\t\t\t<\/span>\n\t\t\t\t\t<\/a>\n\t\t\t\t\t\t\t\t<\/div>\n\t\t\t\t<\/div>\n\t\t\t\t<\/div>\n\t\t\t\t\t<\/div>\n\t\t\t\t<\/div>\n\t\t\t\t<\/div>\n\t\t","protected":false},"excerpt":{"rendered":"<p>\u00dcber uns Die Krypto Investigation ist eine eingetragene Marke der Finanz Forensik GmbH Soforthilfe &#8211; Jetzt kontaktieren Lydia Bonhard-L\u00fcdtke Gesch\u00e4ftsf\u00fchrerin Ausbildung und ZertifizierungOSINT-Analystin David L\u00fcdtke Krypto-Forensiker Ausbildung und ZertifizierungCrystal Expert Crypto Fundamentals (CECF)Crystal Expert EVM Investigator (CEEI)Crystal Expert UTXO Investigator (CEUI)OSINT-Analyst und Krypto-Forensiker Unsere Geschichte Ein bedauerlicher Betrug, dem wir zum Opfer gefallen sind, hat [&hellip;]<\/p>\n","protected":false},"author":2,"featured_media":0,"parent":0,"menu_order":0,"comment_status":"closed","ping_status":"closed","template":"elementor_header_footer","meta":{"_acf_changed":false,"inline_featured_image":false,"footnotes":""},"class_list":["post-638","page","type-page","status-publish","hentry"],"acf":[],"aioseo_notices":[],"_links":{"self":[{"href":"https:\/\/krypto-investigation.de\/en\/wp-json\/wp\/v2\/pages\/638","targetHints":{"allow":["GET"]}}],"collection":[{"href":"https:\/\/krypto-investigation.de\/en\/wp-json\/wp\/v2\/pages"}],"about":[{"href":"https:\/\/krypto-investigation.de\/en\/wp-json\/wp\/v2\/types\/page"}],"author":[{"embeddable":true,"href":"https:\/\/krypto-investigation.de\/en\/wp-json\/wp\/v2\/users\/2"}],"replies":[{"embeddable":true,"href":"https:\/\/krypto-investigation.de\/en\/wp-json\/wp\/v2\/comments?post=638"}],"version-history":[{"count":18,"href":"https:\/\/krypto-investigation.de\/en\/wp-json\/wp\/v2\/pages\/638\/revisions"}],"predecessor-version":[{"id":238042,"href":"https:\/\/krypto-investigation.de\/en\/wp-json\/wp\/v2\/pages\/638\/revisions\/238042"}],"wp:attachment":[{"href":"https:\/\/krypto-investigation.de\/en\/wp-json\/wp\/v2\/media?parent=638"}],"curies":[{"name":"wp","href":"https:\/\/api.w.org\/{rel}","templated":true}]}}