{"id":238129,"date":"2026-03-11T09:07:18","date_gmt":"2026-03-11T08:07:18","guid":{"rendered":"https:\/\/krypto-investigation.de\/?page_id=238129"},"modified":"2026-03-11T09:07:19","modified_gmt":"2026-03-11T08:07:19","slug":"locating-stolen-cryptocurrencies","status":"publish","type":"page","link":"https:\/\/krypto-investigation.de\/en\/lokalisierung-gestohlener-kryptowaehrungen\/","title":{"rendered":"Locating stolen cryptocurrencies"},"content":{"rendered":"\t\t<div data-elementor-type=\"wp-page\" data-elementor-id=\"238129\" class=\"elementor elementor-238129\" data-elementor-post-type=\"page\">\n\t\t\t\t<div class=\"elementor-element elementor-element-6838d662 e-flex e-con-boxed elementor-repeater-item-default_padding sk-none elementor-repeater-item-none elementor-repeater-item-none_hover e-con e-parent\" data-id=\"6838d662\" data-element_type=\"container\" data-e-type=\"container\" data-settings=\"{&quot;background_background&quot;:&quot;classic&quot;,&quot;ang_container_spacing_size&quot;:&quot;default_padding&quot;}\">\n\t\t\t\t\t<div class=\"e-con-inner\">\n\t\t\t\t<div class=\"elementor-element elementor-element-54666651 two-heading elementor-repeater-item-none elementor-repeater-item-none_hover elementor-widget elementor-widget-heading\" data-id=\"54666651\" data-element_type=\"widget\" data-e-type=\"widget\" data-widget_type=\"heading.default\">\n\t\t\t\t\t\t\t<h1 class=\"elementor-heading-title elementor-size-default\">Kryptow\u00e4hrungen gestohlen \u2013 Lokalisierung von Verm\u00f6genswerten<\/h1>\t\t\t\t<\/div>\n\t\t\t\t<div class=\"elementor-element elementor-element-464105f2 elementor-repeater-item-none elementor-repeater-item-none_hover elementor-widget elementor-widget-button\" data-id=\"464105f2\" data-element_type=\"widget\" data-e-type=\"widget\" data-widget_type=\"button.default\">\n\t\t\t\t\t\t\t\t\t\t\t\t<a class=\"elementor-button elementor-button-link elementor-size-sm\" href=\"#elementor-action%3Aaction%3Dpopup%3Aopen%26settings%3DeyJpZCI6IjIzNjY0MCIsInRvZ2dsZSI6ZmFsc2V9\">\n\t\t\t\t\t\t<span class=\"elementor-button-content-wrapper\">\n\t\t\t\t\t\t\t\t\t<span class=\"elementor-button-text\"> Soforthilfe - Jetzt kontaktieren<\/span>\n\t\t\t\t\t<\/span>\n\t\t\t\t\t<\/a>\n\t\t\t\t\t\t\t\t<\/div>\n\t\t\t\t\t<\/div>\n\t\t\t\t<\/div>\n\t\t<div class=\"elementor-element elementor-element-feb3f5b e-flex e-con-boxed elementor-repeater-item-default_padding elementor-repeater-item-none elementor-repeater-item-none_hover e-con e-parent\" data-id=\"feb3f5b\" data-element_type=\"container\" data-e-type=\"container\" data-settings=\"{&quot;ang_container_spacing_size&quot;:&quot;default_padding&quot;}\">\n\t\t\t\t\t<div class=\"e-con-inner\">\n\t\t<div class=\"elementor-element elementor-element-5ca411df e-con-full e-flex elementor-repeater-item-default_padding elementor-repeater-item-none elementor-repeater-item-none_hover e-con e-child\" data-id=\"5ca411df\" data-element_type=\"container\" data-e-type=\"container\" data-settings=\"{&quot;ang_container_spacing_size&quot;:&quot;default_padding&quot;}\">\n\t\t\t\t<div class=\"elementor-element elementor-element-6bfa994a elementor-repeater-item-none elementor-repeater-item-none_hover elementor-widget elementor-widget-heading\" data-id=\"6bfa994a\" data-element_type=\"widget\" data-e-type=\"widget\" data-widget_type=\"heading.default\">\n\t\t\t\t\t\t\t<h2 class=\"elementor-heading-title elementor-size-default\">Gestohlene Kryptow\u00e4hrungen lokalisieren \u2013 wie professionelle R\u00fcckverfolgung funktioniert<\/h2>\t\t\t\t<\/div>\n\t\t\t\t<div class=\"elementor-element elementor-element-14d73b7c elementor-repeater-item-none elementor-repeater-item-none_hover elementor-widget elementor-widget-text-editor\" data-id=\"14d73b7c\" data-element_type=\"widget\" data-e-type=\"widget\" data-widget_type=\"text-editor.default\">\n\t\t\t\t\t\t\t\t\t\t\t<p class=\"p1\">Die Frage, die Betroffene nach einem Krypto-Betrug am meisten besch\u00e4ftigt, ist keine rechtliche, sondern eine technische: <strong>Wo sind meine Kryptow\u00e4hrungen jetzt?<\/strong> Diese Frage ist der Schl\u00fcssel zu allem Weiteren. Denn ohne genaue Kenntnis des aktuellen Aufenthaltsorts Ihrer gestohlenen Verm\u00f6genswerte k\u00f6nnen weder Beh\u00f6rden effektiv handeln, noch k\u00f6nnen Exchanges gezielt zur Kooperation aufgefordert werden. Die pr\u00e4zise Lokalisierung Ihrer Kryptow\u00e4hrungen ist deshalb der entscheidende erste Schritt auf dem Weg zur R\u00fcckgewinnung.<\/p><p class=\"p1\">Krypto-Betr\u00fcger sind darauf ausgelegt, ihre Spuren zu verwischen. Unmittelbar nach dem Betrug beginnen sie, die gestohlenen Gelder durch eine Kette von Wallets zu bewegen, auf mehrere Adressen aufzuteilen und \u00fcber verschiedene Netzwerke und Dienste weiterzuleiten. Was f\u00fcr Laien wie ein undurchdringliches Labyrinth wirkt, ist f\u00fcr unsere forensischen Spezialisten eine systematisch analysierbare Transaktionskette. <strong>W<\/strong><b>ir folgen Ihren Verm\u00f6genswerten, Schritt f\u00fcr Schritt, \u00fcber alle Verschleierungsebenen hinweg.<\/b><\/p>\t\t\t\t\t\t\t\t<\/div>\n\t\t<div class=\"elementor-element elementor-element-71d9ac2 e-con-full e-flex elementor-repeater-item-default_padding sk-none elementor-repeater-item-none elementor-repeater-item-none_hover e-con e-child\" data-id=\"71d9ac2\" data-element_type=\"container\" data-e-type=\"container\" data-settings=\"{&quot;background_background&quot;:&quot;classic&quot;,&quot;ang_container_spacing_size&quot;:&quot;default_padding&quot;}\">\n\t\t\t\t<div class=\"elementor-element elementor-element-93eaaf1 elementor-repeater-item-none elementor-repeater-item-none_hover elementor-widget elementor-widget-heading\" data-id=\"93eaaf1\" data-element_type=\"widget\" data-e-type=\"widget\" data-widget_type=\"heading.default\">\n\t\t\t\t\t\t\t<h2 class=\"elementor-heading-title elementor-size-default\">Kryptow\u00e4hrungen nach Betrug lokalisieren \u2013 warum jede Stunde z\u00e4hlt<\/h2>\t\t\t\t<\/div>\n\t\t\t\t<div class=\"elementor-element elementor-element-2662b80 elementor-repeater-item-none elementor-repeater-item-none_hover elementor-widget elementor-widget-text-editor\" data-id=\"2662b80\" data-element_type=\"widget\" data-e-type=\"widget\" data-widget_type=\"text-editor.default\">\n\t\t\t\t\t\t\t\t\t\t\t<p class=\"p1\">Nach einem Krypto-Betrug gibt es eine entscheidende Weichenstellung: Befinden sich die gestohlenen Gelder noch in reinen On-Chain-Wallets, die ausschlie\u00dflich vom T\u00e4ter kontrolliert werden, oder sind sie bereits auf eine regulierte Exchange transferiert worden? Diese Frage bestimmt, welche Ma\u00dfnahmen realistisch m\u00f6glich sind und wie hoch die Erfolgsaussichten einer Sicherung sind.<\/p><p class=\"p1\">Befinden sich die Verm\u00f6genswerte auf einer regulierten Exchange \u2013 also einer Handelsplattform, die unter Aufsicht einer Finanzregulierungsbeh\u00f6rde steht und zur Einhaltung von AML- und KYC-Vorschriften verpflichtet ist \u2013, dann besteht die M\u00f6glichkeit, eine Sperrung zu beantragen. Exchanges k\u00f6nnen und m\u00fcssen bei begr\u00fcndetem Betrugsverdacht kooperieren. Genau hier setzt unsere Arbeit an: Wir liefern den Nachweis, dass Ihre gestohlenen Gelder auf einer bestimmten Exchange eingegangen sind, und schaffen damit die Grundlage f\u00fcr einen Sicherungsantrag.<\/p><p class=\"p2\">Befinden sich die Gelder hingegen noch in unkontrollierten Wallets, ist Real-time Monitoring entscheidend. Wir \u00fcberwachen alle identifizierten Adressen in Echtzeit und reagieren sofort, wenn Bewegungen stattfinden, die eine Sperrung m\u00f6glich machen.<\/p>\t\t\t\t\t\t\t\t<\/div>\n\t\t\t\t<\/div>\n\t\t\t\t<div class=\"elementor-element elementor-element-31c7c966 elementor-repeater-item-none elementor-repeater-item-none_hover elementor-widget elementor-widget-heading\" data-id=\"31c7c966\" data-element_type=\"widget\" data-e-type=\"widget\" data-widget_type=\"heading.default\">\n\t\t\t\t\t\t\t<h2 class=\"elementor-heading-title elementor-size-default\">Lokalisierungsanalyse gestohlener Krypto-Assets: Unser Vorgehen<\/h2>\t\t\t\t<\/div>\n\t\t<div class=\"elementor-element elementor-element-1ecedf7a e-con-full e-flex elementor-repeater-item-default_padding elementor-repeater-item-none elementor-repeater-item-none_hover e-con e-child\" data-id=\"1ecedf7a\" data-element_type=\"container\" data-e-type=\"container\" data-settings=\"{&quot;ang_container_spacing_size&quot;:&quot;default_padding&quot;}\">\n\t\t<div class=\"elementor-element elementor-element-4ec6ca0c e-con-full e-flex elementor-repeater-item-default_padding sk-none elementor-repeater-item-none elementor-repeater-item-none_hover e-con e-child\" data-id=\"4ec6ca0c\" data-element_type=\"container\" data-e-type=\"container\" data-settings=\"{&quot;background_background&quot;:&quot;classic&quot;,&quot;ang_container_spacing_size&quot;:&quot;default_padding&quot;}\">\n\t\t\t\t<div class=\"elementor-element elementor-element-7e005dbf elementor-repeater-item-none elementor-repeater-item-none_hover elementor-widget elementor-widget-heading\" data-id=\"7e005dbf\" data-element_type=\"widget\" data-e-type=\"widget\" data-widget_type=\"heading.default\">\n\t\t\t\t\t\t\t<h4 class=\"elementor-heading-title elementor-size-default\">1. Transaktion identifizieren und Transferkette aufbauen<\/h4>\t\t\t\t<\/div>\n\t\t\t\t<div class=\"elementor-element elementor-element-4b2b0508 elementor-repeater-item-none elementor-repeater-item-none_hover elementor-widget elementor-widget-text-editor\" data-id=\"4b2b0508\" data-element_type=\"widget\" data-e-type=\"widget\" data-widget_type=\"text-editor.default\">\n\t\t\t\t\t\t\t\t\t\t\t<p class=\"p1\">Der Ausgangspunkt jeder Lokalisierungsanalyse ist die bekannte Transaktion: die Adresse, an die Sie Ihre Kryptow\u00e4hrungen gesendet haben. Von dort aus verfolgen unsere Forensiker jede ausgehende Transaktion, jede Aufteilung auf Unteradressen und jede Weiterleitung. Dabei nutzen wir spezialisierte Forensik-Software, die automatisiert Transaktionsgraphen erstellt und Kontaktpunkte zu bekannten Services identifiziert.<b><\/b><\/p>\t\t\t\t\t\t\t\t<\/div>\n\t\t\t\t<\/div>\n\t\t<div class=\"elementor-element elementor-element-532fafae e-con-full e-flex elementor-repeater-item-default_padding sk-none elementor-repeater-item-none elementor-repeater-item-none_hover e-con e-child\" data-id=\"532fafae\" data-element_type=\"container\" data-e-type=\"container\" data-settings=\"{&quot;background_background&quot;:&quot;classic&quot;,&quot;ang_container_spacing_size&quot;:&quot;default_padding&quot;}\">\n\t\t\t\t<div class=\"elementor-element elementor-element-4801164c elementor-repeater-item-none elementor-repeater-item-none_hover elementor-widget elementor-widget-heading\" data-id=\"4801164c\" data-element_type=\"widget\" data-e-type=\"widget\" data-widget_type=\"heading.default\">\n\t\t\t\t\t\t\t<h4 class=\"elementor-heading-title elementor-size-default\">2. Zwischenstationen klassifizieren \u2013 Exchange, Mixer oder DeFi?<\/h4>\t\t\t\t<\/div>\n\t\t\t\t<div class=\"elementor-element elementor-element-14118daf elementor-repeater-item-none elementor-repeater-item-none_hover elementor-widget elementor-widget-text-editor\" data-id=\"14118daf\" data-element_type=\"widget\" data-e-type=\"widget\" data-widget_type=\"text-editor.default\">\n\t\t\t\t\t\t\t\t\t\t\t<p class=\"p1\">In einem zweiten Schritt analysieren wir die identifizierten Zwischenstationen. Handelt es sich um eine bekannte Exchange-Adresse? Ist die Adresse mit einem Mixing-Service verkn\u00fcpft? Gibt es Verbindungen zu DeFi-Protokollen? Jede dieser Stationen wird klassifiziert und in unserem Analysebericht dokumentiert. Die Klassifizierung entscheidet, welche Ma\u00dfnahmen als n\u00e4chstes sinnvoll sind.<\/p>\t\t\t\t\t\t\t\t<\/div>\n\t\t\t\t<\/div>\n\t\t<div class=\"elementor-element elementor-element-4080b53 e-con-full e-flex elementor-repeater-item-default_padding sk-none elementor-repeater-item-none elementor-repeater-item-none_hover e-con e-child\" data-id=\"4080b53\" data-element_type=\"container\" data-e-type=\"container\" data-settings=\"{&quot;background_background&quot;:&quot;classic&quot;,&quot;ang_container_spacing_size&quot;:&quot;default_padding&quot;}\">\n\t\t\t\t<div class=\"elementor-element elementor-element-7df08528 elementor-repeater-item-none elementor-repeater-item-none_hover elementor-widget elementor-widget-heading\" data-id=\"7df08528\" data-element_type=\"widget\" data-e-type=\"widget\" data-widget_type=\"heading.default\">\n\t\t\t\t\t\t\t<h4 class=\"elementor-heading-title elementor-size-default\">3. Aktuellen Aufenthaltsort der Kryptow\u00e4hrungen bestimmen<\/h4>\t\t\t\t<\/div>\n\t\t\t\t<div class=\"elementor-element elementor-element-1db9f5e0 elementor-repeater-item-none elementor-repeater-item-none_hover elementor-widget elementor-widget-text-editor\" data-id=\"1db9f5e0\" data-element_type=\"widget\" data-e-type=\"widget\" data-widget_type=\"text-editor.default\">\n\t\t\t\t\t\t\t\t\t\t\t<p class=\"p1\">Im dritten Schritt bestimmen wir den aktuellen Aufenthaltsort der Verm\u00f6genswerte: In welcher Wallet, auf welcher Exchange, in welchem Smart Contract liegen Ihre Assets im Moment der Analyse? Diese Information ist die Grundlage f\u00fcr alle weiteren Schritte im Ma\u00dfnahmenplan zur Sicherung Ihrer Verm\u00f6genswerte.<\/p>\t\t\t\t\t\t\t\t<\/div>\n\t\t\t\t<\/div>\n\t\t\t\t<\/div>\n\t\t\t\t<div class=\"elementor-element elementor-element-7efd4500 elementor-repeater-item-none elementor-repeater-item-none_hover elementor-widget elementor-widget-heading\" data-id=\"7efd4500\" data-element_type=\"widget\" data-e-type=\"widget\" data-widget_type=\"heading.default\">\n\t\t\t\t\t\t\t<h2 class=\"elementor-heading-title elementor-size-default\">Wo landen gestohlene Kryptow\u00e4hrungen? Exchanges, DeFi &amp; Mixing-Services<\/h2>\t\t\t\t<\/div>\n\t\t\t\t<div class=\"elementor-element elementor-element-4ba6f7a6 elementor-repeater-item-none elementor-repeater-item-none_hover elementor-widget elementor-widget-text-editor\" data-id=\"4ba6f7a6\" data-element_type=\"widget\" data-e-type=\"widget\" data-widget_type=\"text-editor.default\">\n\t\t\t\t\t\t\t\t\t\t\t<p class=\"p1\">Unsere Erfahrung zeigt, dass gestohlene Kryptow\u00e4hrungen bestimmte typische Wege nehmen. Das Wissen um diese Muster beschleunigt die Lokalisierungsanalyse erheblich.<b><\/b><\/p><ul class=\"ul1\"><li class=\"li2\">Zentralisierte Exchanges (CEX): Plattformen wie Binance, Kraken, Coinbase oder OKX sind h\u00e4ufige Endpunkte, da Betr\u00fcger die gestohlenen Gelder letztlich in Fiatw\u00e4hrung umtauschen m\u00fcssen.<\/li><li class=\"li2\">Kleinere, unregulierte Exchanges: Manche Betr\u00fcger nutzen Plattformen mit schwachen KYC-Anforderungen, um die Identifizierung zu erschweren.<\/li><li class=\"li2\">DeFi-Protokolle und Liquidity Pools: Gestohlene Gelder werden manchmal in Liquidit\u00e4tspools eingebracht, um Rendite zu generieren oder den Ursprung zu verschleiern.<\/li><li class=\"li2\">Mixing-Services und Tumblers: Dienste wie Tornado Cash oder Chipmixer, die die Transaktionsspur unterbrechen sollen.<\/li><li class=\"li2\">P2P-Handelsplattformen: Direkter Verkauf von Kryptow\u00e4hrungen an andere Nutzer ohne zentrale Exchange.<\/li><li class=\"li2\">NFT-M\u00e4rkte: In seltenen F\u00e4llen werden gestohlene Gelder \u00fcber NFT-K\u00e4ufe gewaschen.<\/li><\/ul><p class=\"p2\"><br \/>F\u00fcr jeden dieser Aufenthaltsorte haben wir spezifische Analysemethoden und kennen die jeweiligen Kooperationsm\u00f6glichkeiten. Diese Kenntnis ist entscheidend daf\u00fcr, wie schnell und effektiv die n\u00e4chsten Schritte eingeleitet werden k\u00f6nnen.<\/p>\t\t\t\t\t\t\t\t<\/div>\n\t\t\t\t<div class=\"elementor-element elementor-element-8b0ae63 elementor-repeater-item-none elementor-repeater-item-none_hover elementor-widget elementor-widget-button\" data-id=\"8b0ae63\" data-element_type=\"widget\" data-e-type=\"widget\" data-widget_type=\"button.default\">\n\t\t\t\t\t\t\t\t\t\t\t\t<a class=\"elementor-button elementor-button-link elementor-size-sm\" href=\"#elementor-action%3Aaction%3Dpopup%3Aopen%26settings%3DeyJpZCI6IjIzNjY0MCIsInRvZ2dsZSI6ZmFsc2V9\">\n\t\t\t\t\t\t<span class=\"elementor-button-content-wrapper\">\n\t\t\t\t\t\t\t\t\t<span class=\"elementor-button-text\"> Soforthilfe - Jetzt kontaktieren<\/span>\n\t\t\t\t\t<\/span>\n\t\t\t\t\t<\/a>\n\t\t\t\t\t\t\t\t<\/div>\n\t\t\t\t<div class=\"elementor-element elementor-element-5a4d04bd elementor-repeater-item-none elementor-repeater-item-none_hover elementor-widget elementor-widget-heading\" data-id=\"5a4d04bd\" data-element_type=\"widget\" data-e-type=\"widget\" data-widget_type=\"heading.default\">\n\t\t\t\t\t\t\t<h2 class=\"elementor-heading-title elementor-size-default\">Wallet-Monitoring in Echtzeit \u2013 gestohlene Krypto l\u00fcckenlos \u00fcberwachen<\/h2>\t\t\t\t<\/div>\n\t\t\t\t<div class=\"elementor-element elementor-element-6b3ab69c elementor-repeater-item-none elementor-repeater-item-none_hover elementor-widget elementor-widget-text-editor\" data-id=\"6b3ab69c\" data-element_type=\"widget\" data-e-type=\"widget\" data-widget_type=\"text-editor.default\">\n\t\t\t\t\t\t\t\t\t\t\t<p class=\"p1\">Die Lokalisierung Ihrer Kryptow\u00e4hrungen ist kein einmaliger Schnappschuss, sondern ein dynamischer Prozess. Betr\u00fcger bewegen gestohlene Gelder regelm\u00e4\u00dfig weiter, insbesondere wenn sie Verdacht sch\u00f6pfen, verfolgt zu werden. Unser Monitoring-Service stellt sicher, dass Sie \u00fcber jede Bewegung sofort informiert werden.<\/p><p class=\"p1\">Das Monitoring \u00fcberwacht alle im Rahmen der Analyse identifizierten Wallet-Adressen rund um die Uhr. Jede eingehende und ausgehende Transaktion wird erfasst und bewertet. Besonders relevant sind Transfers auf Exchanges, da diese ein unmittelbares Handlungsfenster er\u00f6ffnen: Erreichen Ihre gestohlenen Assets eine regulierte Plattform, m\u00fcssen wir innerhalb von Stunden reagieren, um eine Sperrung zu beantragen, bevor die Gelder weitergetauscht oder ausgezahlt werden.<\/p><p class=\"p2\">Das Monitoring kann \u00fcber Wochen und Monate aufrechterhalten werden. In F\u00e4llen, in denen die Gelder zun\u00e4chst in unkontrollierten Wallets geparkt werden, hat sich Geduld ausgezahlt: T\u00e4ter machen irgendwann einen Fehler und versuchen, die Gelder zu liquidieren. Dann sind wir bereit.<\/p>\t\t\t\t\t\t\t\t<\/div>\n\t\t\t\t<div class=\"elementor-element elementor-element-5d2bcd6 elementor-repeater-item-none elementor-repeater-item-none_hover elementor-widget elementor-widget-heading\" data-id=\"5d2bcd6\" data-element_type=\"widget\" data-e-type=\"widget\" data-widget_type=\"heading.default\">\n\t\t\t\t\t\t\t<h2 class=\"elementor-heading-title elementor-size-default\">Internationaler Kontext: Lokalisierung \u00fcber L\u00e4ndergrenzen hinaus<\/h2>\t\t\t\t<\/div>\n\t\t\t\t<div class=\"elementor-element elementor-element-ff447a2 elementor-repeater-item-none elementor-repeater-item-none_hover elementor-widget elementor-widget-text-editor\" data-id=\"ff447a2\" data-element_type=\"widget\" data-e-type=\"widget\" data-widget_type=\"text-editor.default\">\n\t\t\t\t\t\t\t\t\t\t\t<p class=\"p1\">Krypto-Betrug ist ein globales Ph\u00e4nomen. Die T\u00e4ter operieren aus verschiedenen L\u00e4ndern, nutzen Exchanges auf mehreren Kontinenten und bewegen Gelder \u00fcber internationale Grenzen. Die Lokalisierungsanalyse muss diesem internationalen Kontext Rechnung tragen.<\/p><p class=\"p1\">Unsere Spezialisten sind mit den regulatorischen Rahmenbedingungen der wichtigsten Krypto-Jurisdiktionen vertraut und wissen, welche Exchanges in welchen L\u00e4ndern welchen Compliance-Pflichten unterliegen. Dieses Wissen ist entscheidend daf\u00fcr, gegen\u00fcber welchen Exchanges eine Sperrungsanfrage erfolgversprechend ist und welche weiteren Ma\u00dfnahmen in der jeweiligen Jurisdiction m\u00f6glich sind.<\/p><p class=\"p2\">Unsere Lokalisierungsanalyse liefert die technische Grundlage, auf der rechtlichen Schritte aufbauen k\u00f6nnen.<\/p>\t\t\t\t\t\t\t\t<\/div>\n\t\t\t\t<div class=\"elementor-element elementor-element-c1b87b4 elementor-repeater-item-none elementor-repeater-item-none_hover elementor-widget elementor-widget-button\" data-id=\"c1b87b4\" data-element_type=\"widget\" data-e-type=\"widget\" data-widget_type=\"button.default\">\n\t\t\t\t\t\t\t\t\t\t\t\t<a class=\"elementor-button elementor-button-link elementor-size-sm\" href=\"#elementor-action%3Aaction%3Dpopup%3Aopen%26settings%3DeyJpZCI6IjIzNjY0MCIsInRvZ2dsZSI6ZmFsc2V9\">\n\t\t\t\t\t\t<span class=\"elementor-button-content-wrapper\">\n\t\t\t\t\t\t\t\t\t<span class=\"elementor-button-text\"> Soforthilfe - Jetzt kontaktieren<\/span>\n\t\t\t\t\t<\/span>\n\t\t\t\t\t<\/a>\n\t\t\t\t\t\t\t\t<\/div>\n\t\t\t\t<div class=\"elementor-element elementor-element-79cdcc4 elementor-repeater-item-none elementor-repeater-item-none_hover elementor-widget elementor-widget-heading\" data-id=\"79cdcc4\" data-element_type=\"widget\" data-e-type=\"widget\" data-widget_type=\"heading.default\">\n\t\t\t\t\t\t\t<h2 class=\"elementor-heading-title elementor-size-default\">Erfolgschancen bei der Krypto-R\u00fcckverfolgung<\/h2>\t\t\t\t<\/div>\n\t\t\t\t<div class=\"elementor-element elementor-element-90b0090 elementor-repeater-item-none elementor-repeater-item-none_hover elementor-widget elementor-widget-text-editor\" data-id=\"90b0090\" data-element_type=\"widget\" data-e-type=\"widget\" data-widget_type=\"text-editor.default\">\n\t\t\t\t\t\t\t\t\t\t\t<p class=\"p1\">Nicht in jedem Fall f\u00fchrt die Lokalisierung Ihrer Kryptow\u00e4hrungen zu einer erfolgreichen R\u00fcckgewinnung. Es gibt Szenarien, in denen die Gelder in unkontrollierbare Wallets oder Privacy-Netzwerke verschoben wurden und eine Sicherung kurzfristig nicht m\u00f6glich ist. Auch in diesen F\u00e4llen ist die Lokalisierungsanalyse wertvoll: Sie liefert nachgewiesene Fakten f\u00fcr Strafanzeigen und zuk\u00fcnftige rechtliche Schritte.<\/p><p class=\"p1\">Gleichzeitig sind die Erfolgsaussichten in vielen F\u00e4llen besser, als Betroffene erwarten. Insbesondere wenn die Gelder auf regulierten Exchanges landen \u2013 was in einem erheblichen Teil der F\u00e4lle so ist, da Betr\u00fcger die Assets letztlich monetarisieren m\u00fcssen \u2013, er\u00f6ffnen sich realistische M\u00f6glichkeiten zur Sicherung.<\/p><p class=\"p2\">Wir geben Ihnen in der Erstberatung eine ehrliche Einsch\u00e4tzung Ihrer Situation. Kontaktieren Sie uns und schildern Sie uns Ihren Fall \u2013 je fr\u00fcher, desto besser stehen die Chancen.<\/p>\t\t\t\t\t\t\t\t<\/div>\n\t\t\t\t<div class=\"elementor-element elementor-element-a43fd7e elementor-repeater-item-none elementor-repeater-item-none_hover elementor-widget elementor-widget-button\" data-id=\"a43fd7e\" data-element_type=\"widget\" data-e-type=\"widget\" data-widget_type=\"button.default\">\n\t\t\t\t\t\t\t\t\t\t\t\t<a class=\"elementor-button elementor-button-link elementor-size-sm\" href=\"#elementor-action%3Aaction%3Dpopup%3Aopen%26settings%3DeyJpZCI6IjIzNjY0MCIsInRvZ2dsZSI6ZmFsc2V9\">\n\t\t\t\t\t\t<span class=\"elementor-button-content-wrapper\">\n\t\t\t\t\t\t\t\t\t<span class=\"elementor-button-text\"> Soforthilfe - Jetzt kontaktieren<\/span>\n\t\t\t\t\t<\/span>\n\t\t\t\t\t<\/a>\n\t\t\t\t\t\t\t\t<\/div>\n\t\t\t\t<\/div>\n\t\t<div class=\"elementor-element elementor-element-4cfe8efc e-con-full e-flex elementor-repeater-item-default_padding elementor-repeater-item-none elementor-repeater-item-none_hover e-con e-child\" data-id=\"4cfe8efc\" data-element_type=\"container\" data-e-type=\"container\" data-settings=\"{&quot;ang_container_spacing_size&quot;:&quot;default_padding&quot;}\">\n\t\t<div class=\"elementor-element elementor-element-2ec4c4b8 e-con-full e-flex elementor-repeater-item-default_padding elementor-repeater-item-none elementor-repeater-item-none_hover e-con e-child\" data-id=\"2ec4c4b8\" data-element_type=\"container\" data-e-type=\"container\" data-settings=\"{&quot;sticky&quot;:&quot;top&quot;,&quot;sticky_on&quot;:[&quot;desktop&quot;,&quot;tablet&quot;],&quot;sticky_offset&quot;:150,&quot;sticky_parent&quot;:&quot;yes&quot;,&quot;ang_container_spacing_size&quot;:&quot;default_padding&quot;,&quot;sticky_effects_offset&quot;:0,&quot;sticky_anchor_link_offset&quot;:0}\">\n\t\t\t\t<div class=\"elementor-element elementor-element-4aa1c16b external_elementor-repeater-item-none_external elementor-repeater-item-none elementor-repeater-item-none_hover elementor-widget elementor-widget-image\" data-id=\"4aa1c16b\" data-element_type=\"widget\" data-e-type=\"widget\" data-widget_type=\"image.default\">\n\t\t\t\t\t\t\t\t\t\t\t\t\t\t\t\t\t<img fetchpriority=\"high\" decoding=\"async\" width=\"600\" height=\"465\" src=\"https:\/\/krypto-investigation.de\/wp-content\/uploads\/2025\/12\/kryptoinvestigation_soforthilfe.png\" class=\"attachment-large size-large wp-image-237610\" alt=\"\" srcset=\"https:\/\/krypto-investigation.de\/wp-content\/uploads\/2025\/12\/kryptoinvestigation_soforthilfe.png 600w, https:\/\/krypto-investigation.de\/wp-content\/uploads\/2025\/12\/kryptoinvestigation_soforthilfe-300x233.png 300w, https:\/\/krypto-investigation.de\/wp-content\/uploads\/2025\/12\/kryptoinvestigation_soforthilfe-15x12.png 15w\" sizes=\"(max-width: 600px) 100vw, 600px\" title=\"kryptoinvestigation_soforthilfe.png - Krypto Investigation\" \/>\t\t\t\t\t\t\t\t\t\t\t\t\t\t\t<\/div>\n\t\t\t\t<div class=\"elementor-element elementor-element-404c8743 elementor-align-justify elementor-repeater-item-none elementor-repeater-item-none_hover elementor-widget elementor-widget-button\" data-id=\"404c8743\" data-element_type=\"widget\" data-e-type=\"widget\" data-widget_type=\"button.default\">\n\t\t\t\t\t\t\t\t\t\t\t\t<a class=\"elementor-button elementor-button-link elementor-size-sm\" href=\"#elementor-action%3Aaction%3Dpopup%3Aopen%26settings%3DeyJpZCI6IjIzNjY0MCIsInRvZ2dsZSI6ZmFsc2V9\">\n\t\t\t\t\t\t<span class=\"elementor-button-content-wrapper\">\n\t\t\t\t\t\t\t\t\t<span class=\"elementor-button-text\"> Soforthilfe - Jetzt kontaktieren<\/span>\n\t\t\t\t\t<\/span>\n\t\t\t\t\t<\/a>\n\t\t\t\t\t\t\t\t<\/div>\n\t\t\t\t<\/div>\n\t\t\t\t<\/div>\n\t\t\t\t\t<\/div>\n\t\t\t\t<\/div>\n\t\t\t\t<\/div>\n\t\t","protected":false},"excerpt":{"rendered":"<p>Professional OSINT services: Analysing public data, auditing individuals and companies, uncovering suspicious activities in capital law.<\/p>","protected":false},"author":1,"featured_media":0,"parent":0,"menu_order":0,"comment_status":"closed","ping_status":"closed","template":"elementor_header_footer","meta":{"_acf_changed":false,"inline_featured_image":false,"footnotes":""},"class_list":["post-238129","page","type-page","status-publish","hentry"],"acf":[],"aioseo_notices":[],"_links":{"self":[{"href":"https:\/\/krypto-investigation.de\/en\/wp-json\/wp\/v2\/pages\/238129","targetHints":{"allow":["GET"]}}],"collection":[{"href":"https:\/\/krypto-investigation.de\/en\/wp-json\/wp\/v2\/pages"}],"about":[{"href":"https:\/\/krypto-investigation.de\/en\/wp-json\/wp\/v2\/types\/page"}],"author":[{"embeddable":true,"href":"https:\/\/krypto-investigation.de\/en\/wp-json\/wp\/v2\/users\/1"}],"replies":[{"embeddable":true,"href":"https:\/\/krypto-investigation.de\/en\/wp-json\/wp\/v2\/comments?post=238129"}],"version-history":[{"count":4,"href":"https:\/\/krypto-investigation.de\/en\/wp-json\/wp\/v2\/pages\/238129\/revisions"}],"predecessor-version":[{"id":238133,"href":"https:\/\/krypto-investigation.de\/en\/wp-json\/wp\/v2\/pages\/238129\/revisions\/238133"}],"wp:attachment":[{"href":"https:\/\/krypto-investigation.de\/en\/wp-json\/wp\/v2\/media?parent=238129"}],"curies":[{"name":"wp","href":"https:\/\/api.w.org\/{rel}","templated":true}]}}