{"id":237397,"date":"2025-11-05T08:35:31","date_gmt":"2025-11-05T07:35:31","guid":{"rendered":"https:\/\/krypto-investigation.de\/?page_id=237397"},"modified":"2026-01-08T10:33:15","modified_gmt":"2026-01-08T09:33:15","slug":"online-payment","status":"publish","type":"page","link":"https:\/\/krypto-investigation.de\/en\/online-zahlung\/","title":{"rendered":"Online payment"},"content":{"rendered":"\t\t<div data-elementor-type=\"wp-page\" data-elementor-id=\"237397\" class=\"elementor elementor-237397\" data-elementor-post-type=\"page\">\n\t\t\t\t<div class=\"elementor-element elementor-element-17ad9dbb e-flex e-con-boxed elementor-repeater-item-default_padding sk-none elementor-repeater-item-none elementor-repeater-item-none_hover e-con e-parent\" data-id=\"17ad9dbb\" data-element_type=\"container\" data-e-type=\"container\" data-settings=\"{&quot;background_background&quot;:&quot;classic&quot;,&quot;ang_container_spacing_size&quot;:&quot;default_padding&quot;}\">\n\t\t\t\t\t<div class=\"e-con-inner\">\n\t\t<div class=\"elementor-element elementor-element-51c0c037 e-con-full e-flex elementor-repeater-item-default_padding elementor-repeater-item-none elementor-repeater-item-none_hover e-con e-child\" data-id=\"51c0c037\" data-element_type=\"container\" data-e-type=\"container\" data-settings=\"{&quot;ang_container_spacing_size&quot;:&quot;default_padding&quot;}\">\n\t\t\t\t<div class=\"elementor-element elementor-element-fd73e58 two-heading elementor-repeater-item-none elementor-repeater-item-none_hover elementor-widget elementor-widget-heading\" data-id=\"fd73e58\" data-element_type=\"widget\" data-e-type=\"widget\" data-widget_type=\"heading.default\">\n\t\t\t\t\t\t\t<h1 class=\"elementor-heading-title elementor-size-default\">Sichere und diskrete Online-Zahlung<\/h1>\t\t\t\t<\/div>\n\t\t\t\t<div class=\"elementor-element elementor-element-183b61ab elementor-widget-mobile__width-inherit elementor-repeater-item-none elementor-repeater-item-none_hover elementor-widget elementor-widget-heading\" data-id=\"183b61ab\" data-element_type=\"widget\" data-e-type=\"widget\" data-widget_type=\"heading.default\">\n\t\t\t\t\t\t\t<h2 class=\"elementor-heading-title elementor-size-default\">Begleichen Sie Ihre Rechnungen schnell, sicher und unkompliziert \u00fcber unseren Online-Zahlungsservice.<\/h2>\t\t\t\t<\/div>\n\t\t\t\t<div class=\"elementor-element elementor-element-18c5c216 elementor-repeater-item-none elementor-repeater-item-none_hover elementor-widget elementor-widget-button\" data-id=\"18c5c216\" data-element_type=\"widget\" data-e-type=\"widget\" data-widget_type=\"button.default\">\n\t\t\t\t\t\t\t\t\t\t\t\t<a class=\"elementor-button elementor-button-link elementor-size-sm\" href=\"#zahlen\">\n\t\t\t\t\t\t<span class=\"elementor-button-content-wrapper\">\n\t\t\t\t\t\t\t\t\t<span class=\"elementor-button-text\">Jetzt bezahlen<\/span>\n\t\t\t\t\t<\/span>\n\t\t\t\t\t<\/a>\n\t\t\t\t\t\t\t\t<\/div>\n\t\t\t\t<\/div>\n\t\t\t\t\t<\/div>\n\t\t\t\t<\/div>\n\t\t<div class=\"elementor-element elementor-element-22ea2b89 e-flex e-con-boxed elementor-repeater-item-default_padding elementor-repeater-item-none elementor-repeater-item-none_hover e-con e-parent\" data-id=\"22ea2b89\" data-element_type=\"container\" data-e-type=\"container\" data-settings=\"{&quot;ang_container_spacing_size&quot;:&quot;default_padding&quot;}\">\n\t\t\t\t\t<div class=\"e-con-inner\">\n\t\t<div class=\"elementor-element elementor-element-22c7bb76 e-con-full e-flex elementor-repeater-item-default_padding elementor-repeater-item-none elementor-repeater-item-none_hover e-con e-child\" data-id=\"22c7bb76\" data-element_type=\"container\" data-e-type=\"container\" data-settings=\"{&quot;ang_container_spacing_size&quot;:&quot;default_padding&quot;}\">\n\t\t\t\t<div class=\"elementor-element elementor-element-31928f70 elementor-repeater-item-none elementor-repeater-item-none_hover elementor-widget elementor-widget-heading\" data-id=\"31928f70\" data-element_type=\"widget\" data-e-type=\"widget\" data-widget_type=\"heading.default\">\n\t\t\t\t\t\t\t<h2 class=\"elementor-heading-title elementor-size-default\">Rechnungsbegleichung per PayPal<\/h2>\t\t\t\t<\/div>\n\t\t\t\t<div class=\"elementor-element elementor-element-4abf0e49 elementor-repeater-item-none elementor-repeater-item-none_hover elementor-widget elementor-widget-text-editor\" data-id=\"4abf0e49\" data-element_type=\"widget\" data-e-type=\"widget\" data-widget_type=\"text-editor.default\">\n\t\t\t\t\t\t\t\t\t\t\t<p>Wir bieten Ihnen die M\u00f6glichkeit, Ihre Rechnungen direkt online \u00fcber PayPal zu begleichen. Dies umfasst sowohl die direkte Zahlung des gesamten Rechnungsbetrags als auch die Option der Ratenzahlung \u00fcber PayPal (PayPal Pay Later).<\/p><p>Wichtiger Hinweis:<\/p><p>Bitte geben Sie bei jeder Zahlung unbedingt Ihre Rechnungsnummer oder Ihr Aktenzeichen im daf\u00fcr vorgesehenen Feld an. Nur so k\u00f6nnen wir Ihre Zahlung korrekt und ohne Verz\u00f6gerung zuordnen.<\/p>\t\t\t\t\t\t\t\t<\/div>\n\t\t\t\t<div class=\"elementor-element elementor-element-65cf268c elementor-repeater-item-none elementor-repeater-item-none_hover elementor-widget elementor-widget-heading\" data-id=\"65cf268c\" data-element_type=\"widget\" data-e-type=\"widget\" data-widget_type=\"heading.default\">\n\t\t\t\t\t\t\t<h2 class=\"elementor-heading-title elementor-size-default\">Ratenzahlung mit PayPal<\/h2>\t\t\t\t<\/div>\n\t\t\t\t<div class=\"elementor-element elementor-element-40c768af elementor-repeater-item-none elementor-repeater-item-none_hover elementor-widget elementor-widget-text-editor\" data-id=\"40c768af\" data-element_type=\"widget\" data-e-type=\"widget\" data-widget_type=\"text-editor.default\">\n\t\t\t\t\t\t\t\t\t\t\t<p><span data-slate-fragment=\"JTVCJTdCJTIydHlwZSUyMiUzQSUyMnAlMjIlMkMlMjJjaGlsZHJlbiUyMiUzQSU1QiU3QiUyMnRleHQlMjIlM0ElMjJQYXlQYWwlMjBiaWV0ZXQlMjBJaG5lbiUyMGRpZSUyME0lQzMlQjZnbGljaGtlaXQlMkMlMjBaYWhsdW5nZW4lMjBpbiUyMFJhdGVuJTIwenUlMjBiZWdsZWljaGVuJTIwKCdTcCVDMyVBNHRlciUyMEJlemFobGVuJykuJTIwV2VubiUyMFNpZSUyMGRpZXNlJTIwT3B0aW9uJTIwbnV0emVuJTIwbSVDMyVCNmNodGVuJTJDJTIwdyVDMyVBNGhsZW4lMjBTaWUlMjBkaWVzZSUyMG5hY2glMjBkZW0lMjBLbGljayUyMGF1ZiUyMCdKZXR6dCUyMG1pdCUyMFBheVBhbCUyMGJlemFobGVuJyUyMGRpcmVrdCUyMGluJTIwSWhyZW0lMjBQYXlQYWwtS29udG8lMjBhdXMuJTIwRGllJTIwS29uZGl0aW9uZW4lMjB1bmQlMjBkaWUlMjBBYndpY2tsdW5nJTIwZGVyJTIwUmF0ZW56YWhsdW5nJTIwbGllZ2VuJTIwdm9sbHN0JUMzJUE0bmRpZyUyMGJlaSUyMFBheVBhbC4lMjBLcnlwdG8lMjBJbnZlc3RpZ2F0aW9uJTIwaGF0JTIwa2VpbmVuJTIwRWluZmx1c3MlMjBhdWYlMjBkaWUlMjBCZWRpbmd1bmdlbiUyMG9kZXIlMjBkaWUlMjBHZW5laG1pZ3VuZyUyMGRlciUyMFJhdGVuemFobHVuZyUyMGR1cmNoJTIwUGF5UGFsLiUyMiU3RCU1RCU3RCU1RA==\">PayPal bietet Ihnen die M\u00f6glichkeit, Zahlungen in Raten zu begleichen (&#8218;Sp\u00e4ter Bezahlen&#8216;). Wenn Sie diese Option nutzen m\u00f6chten, w\u00e4hlen Sie diese nach dem Klick auf &#8218;Jetzt mit PayPal bezahlen&#8216; direkt in Ihrem PayPal-Konto aus. Die Konditionen und die Abwicklung der Ratenzahlung liegen vollst\u00e4ndig bei PayPal. Krypto Investigation hat keinen Einfluss auf die Bedingungen oder die Genehmigung der Ratenzahlung durch PayPal.<\/span><\/p>\t\t\t\t\t\t\t\t<\/div>\n\t\t\t\t<div class=\"elementor-element elementor-element-29c4855 elementor-repeater-item-none elementor-repeater-item-none_hover elementor-widget elementor-widget-html\" data-id=\"29c4855\" data-element_type=\"widget\" data-e-type=\"widget\" data-widget_type=\"html.default\">\n\t\t\t\t\t\t\t<script>\r\ndocument.addEventListener('DOMContentLoaded', function () {\r\n  var form = document.getElementById('wpforms-237412');\r\n  if (!form) return;\r\n\r\n  var userFieldId   = 'wpforms-237412-field_15';\r\n  var hiddenField   = form.querySelector('#wpforms-237412-field_20');\r\n  if (!hiddenField) return;\r\n\r\n  function normalizeNumber(val) {\r\n    if (!val) return '';\r\n\r\n    \/\/ makni razmake\r\n    val = val.replace(\/\\s\/g, '');\r\n\r\n    var hasComma = val.indexOf(',') !== -1;\r\n    var hasDot   = val.indexOf('.') !== -1;\r\n\r\n    if (hasComma && hasDot) {\r\n      \/\/ 1.000,25 -> 1000.25\r\n      val = val.replace(\/\\.\/g, '');   \/\/ sve to\u010dke = tisu\u0107ice\r\n      val = val.replace(',', '.');    \/\/ decimalni zarez -> to\u010dka\r\n    } else if (hasComma) {\r\n      \/\/ 1000,25 -> 1000.25\r\n      val = val.replace(',', '.');\r\n    } else if (hasDot) {\r\n      \/\/ 1.000.25 -> 1000.25 (ako se netko zaigra)\r\n      var parts = val.split('.');\r\n      if (parts.length > 2) {\r\n        var dec = parts.pop();\r\n        val = parts.join('') + '.' + dec;\r\n      }\r\n    }\r\n\r\n    return val;\r\n  }\r\n\r\n  \/\/ presre\u0107emo INPUT na capture fazi, prije WPForms listenera\r\n  document.addEventListener('input', function (e) {\r\n    var target = e.target;\r\n    if (target.id !== userFieldId) return;\r\n\r\n    \/\/ originalni user unos (mo\u017ee ostati kakav je radi prikaza)\r\n    var raw = target.value;\r\n\r\n    \/\/ u hidden polje guramo \u010disti broj za kalkulaciju\r\n    var normalized = normalizeNumber(raw);\r\n    hiddenField.value = normalized;\r\n\r\n    \/\/ natjeramo WPForms da koristi hidden value za kalkulacije\r\n    hiddenField.dispatchEvent(new Event('input',  { bubbles: true }));\r\n    hiddenField.dispatchEvent(new Event('change', { bubbles: true }));\r\n  }, true); \/\/ <\u2013 TRUE = capture faza, prije WPForms-a\r\n});\r\n<\/script>\r\n\t\t\t\t<\/div>\n\t\t\t\t<div class=\"elementor-element elementor-element-13d61f6 elementor-repeater-item-none elementor-repeater-item-none_hover elementor-widget elementor-widget-shortcode\" data-id=\"13d61f6\" data-element_type=\"widget\" data-e-type=\"widget\" data-widget_type=\"shortcode.default\">\n\t\t\t\t\t\t\t\t\t<div class=\"elementor-shortcode\"><style id=\"wpforms-css-vars-237412\">\n\t\t\t\t#wpforms-237412 {\n\t\t\t\t--wpforms-field-size-input-height: 43px;\n--wpforms-field-size-input-spacing: 15px;\n--wpforms-field-size-font-size: 16px;\n--wpforms-field-size-line-height: 19px;\n--wpforms-field-size-padding-h: 14px;\n--wpforms-field-size-checkbox-size: 16px;\n--wpforms-field-size-sublabel-spacing: 5px;\n--wpforms-field-size-icon-size: 1;\n--wpforms-label-size-font-size: 16px;\n--wpforms-label-size-line-height: 19px;\n--wpforms-label-size-sublabel-font-size: 14px;\n--wpforms-label-size-sublabel-line-height: 17px;\n--wpforms-button-size-font-size: 17px;\n--wpforms-button-size-height: 41px;\n--wpforms-button-size-padding-h: 15px;\n--wpforms-button-size-margin-top: 10px;\n--wpforms-container-shadow-size-box-shadow: none;\n\t\t\t}\n\t\t\t<\/style><div class=\"wpforms-container wpforms-container-full wpforms-paypal-commerce wpforms-render-modern\" id=\"wpforms-237412\"><form id=\"wpforms-form-237412\" class=\"wpforms-validate wpforms-form wpforms-ajax-form\" data-formid=\"237412\" method=\"post\" enctype=\"multipart\/form-data\" action=\"\/en\/wp-json\/wp\/v2\/pages\/237397\" data-token=\"b9220c77b38c0ef1702bd4a012727e90\" data-token-time=\"1776873754\"><noscript class=\"wpforms-error-noscript\">Please enable JavaScript in your browser to complete this form.<\/noscript><div id=\"wpforms-error-noscript\" style=\"display: none;\">Please enable JavaScript in your browser to complete this form.<\/div><div class=\"wpforms-field-container\">\t\t<div id=\"wpforms-237412-field_1-container\"\n\t\t\tclass=\"wpforms-field wpforms-field-text\"\n\t\t\tdata-field-type=\"text\"\n\t\t\tdata-field-id=\"1\"\n\t\t\t>\n\t\t\t<label class=\"wpforms-field-label\" for=\"wpforms-237412-field_1\" >PayPal (EUR) Commerce<\/label>\n\t\t\t<input type=\"text\" id=\"wpforms-237412-field_1\" class=\"wpforms-field-medium\" name=\"wpforms[fields][1]\" >\n\t\t<\/div>\n\t\t<div id=\"wpforms-237412-field_9-container\" class=\"wpforms-field wpforms-field-layout\" data-field-type=\"layout\" data-field-id=\"9\"><div class=\"wpforms-field-layout-rows wpforms-field-large\"><div class=\"wpforms-layout-row\"><div class=\"wpforms-layout-column wpforms-layout-column-33\"><div id=\"wpforms-237412-field_8-container\" class=\"wpforms-field wpforms-field-text\" data-field-type=\"text\" data-field-id=\"8\"><label class=\"wpforms-field-label\" for=\"wpforms-237412-field_8\">Aktenzeichen<\/label><input type=\"text\" id=\"wpforms-237412-field_8\" class=\"wpforms-field-large\" name=\"wpforms[fields][8]\" aria-errormessage=\"wpforms-237412-field_8-error\" ><\/div><\/div><div class=\"wpforms-layout-column wpforms-layout-column-33\"><div id=\"wpforms-237412-field_10-container\" class=\"wpforms-field wpforms-field-text\" data-field-type=\"text\" data-field-id=\"10\"><label class=\"wpforms-field-label\" for=\"wpforms-237412-field_10\">Rechnungsnummer<\/label><input type=\"text\" id=\"wpforms-237412-field_10\" class=\"wpforms-field-large\" name=\"wpforms[fields][10]\" aria-errormessage=\"wpforms-237412-field_10-error\" ><\/div><\/div><div class=\"wpforms-layout-column wpforms-layout-column-33\"><div id=\"wpforms-237412-field_11-container\" class=\"wpforms-field wpforms-field-text\" data-field-type=\"text\" data-field-id=\"11\"><label class=\"wpforms-field-label\" for=\"wpforms-237412-field_11\">Betreff<\/label><input type=\"text\" id=\"wpforms-237412-field_11\" class=\"wpforms-field-large\" name=\"wpforms[fields][11]\" aria-errormessage=\"wpforms-237412-field_11-error\" ><\/div><\/div><\/div><\/div><\/div><div id=\"wpforms-237412-field_15-container\" class=\"wpforms-field wpforms-field-text\" data-field-type=\"text\" data-field-id=\"15\"><label class=\"wpforms-field-label\" for=\"wpforms-237412-field_15\">Rechnungsbetrag (EUR)<\/label><input type=\"text\" id=\"wpforms-237412-field_15\" class=\"wpforms-field-large\" name=\"wpforms[fields][15]\" aria-errormessage=\"wpforms-237412-field_15-error\" aria-describedby=\"wpforms-237412-field_15-description\" ><div id=\"wpforms-237412-field_15-description\" class=\"wpforms-field-description\">Bitte geben Sie hier den Rechnungsbetrag ein (z.B. 1000,00)<\/div><\/div><div id=\"wpforms-237412-field_20-container\" class=\"wpforms-field wpforms-field-hidden\" data-field-type=\"hidden\" data-field-id=\"20\"><input type=\"hidden\" id=\"wpforms-237412-field_20\" name=\"wpforms[fields][20]\"><\/div><div id=\"wpforms-237412-field_7-container\" class=\"wpforms-field wpforms-field-payment-single wpforms-calculations-field\" data-field-type=\"payment-single\" data-field-id=\"7\"><label class=\"wpforms-field-label\">Zu zahlender Gesamtbetrag<\/label><div class=\"wpforms-single-item-price-content\"><div class=\"wpforms-single-item-price wpforms-field-medium wpforms-payment-price\">Preis: <span class=\"wpforms-price\">0,00 &euro;<\/span><\/div><\/div><input type=\"hidden\" id=\"wpforms-237412-field_7\" class=\"wpforms-field-medium wpforms-payment-price\" name=\"wpforms[fields][7]\"><\/div><div id=\"wpforms-237412-field_13-container\" class=\"wpforms-field wpforms-field-paypal-commerce\" data-field-type=\"paypal-commerce\" data-field-id=\"13\"><input type=\"hidden\" name=\"wpforms[fields][13][orderID]\" class=\"wpforms-paypal-commerce-order-id\" \/><input type=\"hidden\" name=\"wpforms[fields][13][subscriptionID]\" class=\"wpforms-paypal-commerce-subscription-id\" \/><input type=\"hidden\" name=\"wpforms[fields][13][source]\" class=\"wpforms-paypal-commerce-source\" \/><\/div><script>\n\t\t\t\t( function() {\n\t\t\t\t\tconst style = document.createElement( 'style' );\n\t\t\t\t\tstyle.appendChild( document.createTextNode( '#wpforms-237412-field_1-container { position: absolute !important; overflow: hidden !important; display: inline !important; height: 1px !important; width: 1px !important; z-index: -1000 !important; padding: 0 !important; } #wpforms-237412-field_1-container input { visibility: hidden; } #wpforms-conversational-form-page #wpforms-237412-field_1-container label { counter-increment: none; }' ) );\n\t\t\t\t\tdocument.head.appendChild( style );\n\t\t\t\t\tdocument.currentScript?.remove();\n\t\t\t\t} )();\n\t\t\t<\/script><\/div><!-- .wpforms-field-container --><div class=\"wpforms-submit-container\" ><input type=\"hidden\" name=\"wpforms[id]\" value=\"237412\"><input type=\"hidden\" name=\"page_title\" value=\"\"><input type=\"hidden\" name=\"page_url\" value=\"https:\/\/krypto-investigation.de\/en\/wp-json\/wp\/v2\/pages\/237397\"><input type=\"hidden\" name=\"url_referer\" value=\"\"><button type=\"submit\" name=\"wpforms[submit]\" id=\"wpforms-submit-237412\" class=\"wpforms-submit\" data-alt-text=\"Wird gesendet\u00a0\u2026\" data-submit-text=\"Absenden\" aria-live=\"assertive\" value=\"wpforms-submit\">Absenden<\/button><img decoding=\"async\" src=\"https:\/\/krypto-investigation.de\/wp-content\/plugins\/wpforms\/assets\/images\/submit-spin.svg\" class=\"wpforms-submit-spinner\" style=\"display: none;\" width=\"26\" height=\"26\" alt=\"Loading\"><div id=\"wpforms-paypal-commerce-single-submit-button-237412\" class=\"wpforms-paypal-commerce-single-submit-button size-medium\"><img decoding=\"async\" src=\"https:\/\/krypto-investigation.de\/wp-content\/plugins\/wpforms\/assets\/images\/submit-spin.svg\" class=\"wpforms-paypal-commerce-single-spinner\" style=\"display: none;\" width=\"26\" height=\"26\" alt=\"Loading\"><\/div><div id=\"wpforms-paypal-commerce-subscriptions-submit-button-237412\" class=\"wpforms-paypal-commerce-subscriptions-submit-button size-medium\"><img decoding=\"async\" src=\"https:\/\/krypto-investigation.de\/wp-content\/plugins\/wpforms\/assets\/images\/submit-spin.svg\" class=\"wpforms-paypal-commerce-recurring-spinner\" style=\"display: none;\" width=\"26\" height=\"26\" alt=\"Loading\"><\/div><\/div><\/form><\/div>  <!-- .wpforms-container --><\/div>\n\t\t\t\t\t\t<\/div>\n\t\t\t\t<\/div>\n\t\t<div class=\"elementor-element elementor-element-547ba6e e-con-full e-flex elementor-repeater-item-default_padding elementor-repeater-item-none elementor-repeater-item-none_hover e-con e-child\" data-id=\"547ba6e\" data-element_type=\"container\" data-e-type=\"container\" data-settings=\"{&quot;ang_container_spacing_size&quot;:&quot;default_padding&quot;}\">\n\t\t<div class=\"elementor-element elementor-element-7dfbfbf6 e-con-full e-flex elementor-repeater-item-default_padding elementor-repeater-item-none elementor-repeater-item-none_hover e-con e-child\" data-id=\"7dfbfbf6\" data-element_type=\"container\" data-e-type=\"container\" data-settings=\"{&quot;sticky&quot;:&quot;top&quot;,&quot;sticky_on&quot;:[&quot;desktop&quot;,&quot;tablet&quot;],&quot;sticky_offset&quot;:150,&quot;sticky_parent&quot;:&quot;yes&quot;,&quot;ang_container_spacing_size&quot;:&quot;default_padding&quot;,&quot;sticky_effects_offset&quot;:0,&quot;sticky_anchor_link_offset&quot;:0}\">\n\t\t\t\t<div class=\"elementor-element elementor-element-3e8d0f82 external_elementor-repeater-item-none_external elementor-repeater-item-none elementor-repeater-item-none_hover elementor-widget elementor-widget-image\" data-id=\"3e8d0f82\" data-element_type=\"widget\" data-e-type=\"widget\" data-widget_type=\"image.default\">\n\t\t\t\t\t\t\t\t\t\t\t\t\t\t\t\t\t<img loading=\"lazy\" decoding=\"async\" width=\"600\" height=\"465\" src=\"https:\/\/krypto-investigation.de\/wp-content\/uploads\/2025\/12\/kryptoinvestigation_soforthilfe.png\" class=\"attachment-large size-large wp-image-237610\" alt=\"\" srcset=\"https:\/\/krypto-investigation.de\/wp-content\/uploads\/2025\/12\/kryptoinvestigation_soforthilfe.png 600w, https:\/\/krypto-investigation.de\/wp-content\/uploads\/2025\/12\/kryptoinvestigation_soforthilfe-300x233.png 300w, https:\/\/krypto-investigation.de\/wp-content\/uploads\/2025\/12\/kryptoinvestigation_soforthilfe-15x12.png 15w\" sizes=\"(max-width: 600px) 100vw, 600px\" title=\"kryptoinvestigation_soforthilfe.png - Krypto Investigation\" \/>\t\t\t\t\t\t\t\t\t\t\t\t\t\t\t<\/div>\n\t\t\t\t<div class=\"elementor-element elementor-element-739309 elementor-align-justify elementor-repeater-item-none elementor-repeater-item-none_hover elementor-widget elementor-widget-button\" data-id=\"739309\" data-element_type=\"widget\" data-e-type=\"widget\" data-widget_type=\"button.default\">\n\t\t\t\t\t\t\t\t\t\t\t\t<a class=\"elementor-button elementor-button-link elementor-size-sm\" href=\"#elementor-action%3Aaction%3Dpopup%3Aopen%26settings%3DeyJpZCI6IjIzNjY0MCIsInRvZ2dsZSI6ZmFsc2V9\">\n\t\t\t\t\t\t<span class=\"elementor-button-content-wrapper\">\n\t\t\t\t\t\t\t\t\t<span class=\"elementor-button-text\"> Soforthilfe - Jetzt kontaktieren<\/span>\n\t\t\t\t\t<\/span>\n\t\t\t\t\t<\/a>\n\t\t\t\t\t\t\t\t<\/div>\n\t\t\t\t<\/div>\n\t\t\t\t<\/div>\n\t\t\t\t\t<\/div>\n\t\t\t\t<\/div>\n\t\t\t\t<\/div>\n\t\t","protected":false},"excerpt":{"rendered":"<p>Sichere und diskrete Online-Zahlung Begleichen Sie Ihre Rechnungen schnell, sicher und unkompliziert \u00fcber unseren Online-Zahlungsservice. Jetzt bezahlen Rechnungsbegleichung per PayPal Wir bieten Ihnen die M\u00f6glichkeit, Ihre Rechnungen direkt online \u00fcber PayPal zu begleichen. Dies umfasst sowohl die direkte Zahlung des gesamten Rechnungsbetrags als auch die Option der Ratenzahlung \u00fcber PayPal (PayPal Pay Later). Wichtiger Hinweis: [&hellip;]<\/p>\n","protected":false},"author":1,"featured_media":0,"parent":0,"menu_order":0,"comment_status":"closed","ping_status":"closed","template":"elementor_header_footer","meta":{"_acf_changed":false,"inline_featured_image":false,"footnotes":""},"class_list":["post-237397","page","type-page","status-publish","hentry"],"acf":[],"aioseo_notices":[],"_links":{"self":[{"href":"https:\/\/krypto-investigation.de\/en\/wp-json\/wp\/v2\/pages\/237397","targetHints":{"allow":["GET"]}}],"collection":[{"href":"https:\/\/krypto-investigation.de\/en\/wp-json\/wp\/v2\/pages"}],"about":[{"href":"https:\/\/krypto-investigation.de\/en\/wp-json\/wp\/v2\/types\/page"}],"author":[{"embeddable":true,"href":"https:\/\/krypto-investigation.de\/en\/wp-json\/wp\/v2\/users\/1"}],"replies":[{"embeddable":true,"href":"https:\/\/krypto-investigation.de\/en\/wp-json\/wp\/v2\/comments?post=237397"}],"version-history":[{"count":41,"href":"https:\/\/krypto-investigation.de\/en\/wp-json\/wp\/v2\/pages\/237397\/revisions"}],"predecessor-version":[{"id":237839,"href":"https:\/\/krypto-investigation.de\/en\/wp-json\/wp\/v2\/pages\/237397\/revisions\/237839"}],"wp:attachment":[{"href":"https:\/\/krypto-investigation.de\/en\/wp-json\/wp\/v2\/media?parent=237397"}],"curies":[{"name":"wp","href":"https:\/\/api.w.org\/{rel}","templated":true}]}}