{"id":237265,"date":"2025-10-23T12:10:06","date_gmt":"2025-10-23T10:10:06","guid":{"rendered":"https:\/\/krypto-investigation.de\/?page_id=237265"},"modified":"2026-03-10T12:43:53","modified_gmt":"2026-03-10T11:43:53","slug":"open-source-intelligence-services","status":"publish","type":"page","link":"https:\/\/krypto-investigation.de\/en\/open-source-intelligence-dienstleistungen\/","title":{"rendered":"Open source intelligence services"},"content":{"rendered":"\t\t<div data-elementor-type=\"wp-page\" data-elementor-id=\"237265\" class=\"elementor elementor-237265\" data-elementor-post-type=\"page\">\n\t\t\t\t<div class=\"elementor-element elementor-element-6838d662 e-flex e-con-boxed elementor-repeater-item-default_padding sk-none elementor-repeater-item-none elementor-repeater-item-none_hover e-con e-parent\" data-id=\"6838d662\" data-element_type=\"container\" data-e-type=\"container\" data-settings=\"{&quot;background_background&quot;:&quot;classic&quot;,&quot;ang_container_spacing_size&quot;:&quot;default_padding&quot;}\">\n\t\t\t\t\t<div class=\"e-con-inner\">\n\t\t\t\t<div class=\"elementor-element elementor-element-54666651 two-heading elementor-repeater-item-none elementor-repeater-item-none_hover elementor-widget elementor-widget-heading\" data-id=\"54666651\" data-element_type=\"widget\" data-e-type=\"widget\" data-widget_type=\"heading.default\">\n\t\t\t\t\t\t\t<h1 class=\"elementor-heading-title elementor-size-default\">Open Source Intelligence-Dienstleistungen<\/h1>\t\t\t\t<\/div>\n\t\t\t\t<div class=\"elementor-element elementor-element-464105f2 elementor-repeater-item-none elementor-repeater-item-none_hover elementor-widget elementor-widget-button\" data-id=\"464105f2\" data-element_type=\"widget\" data-e-type=\"widget\" data-widget_type=\"button.default\">\n\t\t\t\t\t\t\t\t\t\t\t\t<a class=\"elementor-button elementor-button-link elementor-size-sm\" href=\"#elementor-action%3Aaction%3Dpopup%3Aopen%26settings%3DeyJpZCI6IjIzNjY0MCIsInRvZ2dsZSI6ZmFsc2V9\">\n\t\t\t\t\t\t<span class=\"elementor-button-content-wrapper\">\n\t\t\t\t\t\t\t\t\t<span class=\"elementor-button-text\"> Soforthilfe - Jetzt kontaktieren<\/span>\n\t\t\t\t\t<\/span>\n\t\t\t\t\t<\/a>\n\t\t\t\t\t\t\t\t<\/div>\n\t\t\t\t\t<\/div>\n\t\t\t\t<\/div>\n\t\t<div class=\"elementor-element elementor-element-feb3f5b e-flex e-con-boxed elementor-repeater-item-default_padding elementor-repeater-item-none elementor-repeater-item-none_hover e-con e-parent\" data-id=\"feb3f5b\" data-element_type=\"container\" data-e-type=\"container\" data-settings=\"{&quot;ang_container_spacing_size&quot;:&quot;default_padding&quot;}\">\n\t\t\t\t\t<div class=\"e-con-inner\">\n\t\t<div class=\"elementor-element elementor-element-5ca411df e-con-full e-flex elementor-repeater-item-default_padding elementor-repeater-item-none elementor-repeater-item-none_hover e-con e-child\" data-id=\"5ca411df\" data-element_type=\"container\" data-e-type=\"container\" data-settings=\"{&quot;ang_container_spacing_size&quot;:&quot;default_padding&quot;}\">\n\t\t\t\t<div class=\"elementor-element elementor-element-6bfa994a elementor-repeater-item-none elementor-repeater-item-none_hover elementor-widget elementor-widget-heading\" data-id=\"6bfa994a\" data-element_type=\"widget\" data-e-type=\"widget\" data-widget_type=\"heading.default\">\n\t\t\t\t\t\t\t<h2 class=\"elementor-heading-title elementor-size-default\">Vertiefte Untersuchungen im Kapitalrecht<\/h2>\t\t\t\t<\/div>\n\t\t\t\t<div class=\"elementor-element elementor-element-14d73b7c elementor-repeater-item-none elementor-repeater-item-none_hover elementor-widget elementor-widget-text-editor\" data-id=\"14d73b7c\" data-element_type=\"widget\" data-e-type=\"widget\" data-widget_type=\"text-editor.default\">\n\t\t\t\t\t\t\t\t\t\t\t<p data-start=\"324\" data-end=\"668\">Unsere <strong>OSINT-Services (Open Source Intelligence)<\/strong> bieten Ihnen tiefgehende Einblicke durch die <strong>Analyse \u00f6ffentlich zug\u00e4nglicher Informationen<\/strong> aus dem Internet, sozialen Netzwerken, Datenbanken und Medienquellen.<br \/>Ziel ist es, <strong>relevante Erkenntnisse f\u00fcr Ermittlungen im Kapitalrecht<\/strong> zu gewinnen und <strong>Risiken fr\u00fchzeitig zu erkennen<\/strong>.<\/p>\t\t\t\t\t\t\t\t<\/div>\n\t\t\t\t<div class=\"elementor-element elementor-element-31c7c966 elementor-repeater-item-none elementor-repeater-item-none_hover elementor-widget elementor-widget-heading\" data-id=\"31c7c966\" data-element_type=\"widget\" data-e-type=\"widget\" data-widget_type=\"heading.default\">\n\t\t\t\t\t\t\t<h2 class=\"elementor-heading-title elementor-size-default\">Unsere Schwerpunkte<\/h2>\t\t\t\t<\/div>\n\t\t<div class=\"elementor-element elementor-element-1ecedf7a e-con-full e-flex elementor-repeater-item-default_padding elementor-repeater-item-none elementor-repeater-item-none_hover e-con e-child\" data-id=\"1ecedf7a\" data-element_type=\"container\" data-e-type=\"container\" data-settings=\"{&quot;ang_container_spacing_size&quot;:&quot;default_padding&quot;}\">\n\t\t<div class=\"elementor-element elementor-element-4ec6ca0c e-con-full e-flex elementor-repeater-item-default_padding sk-none elementor-repeater-item-none elementor-repeater-item-none_hover e-con e-child\" data-id=\"4ec6ca0c\" data-element_type=\"container\" data-e-type=\"container\" data-settings=\"{&quot;background_background&quot;:&quot;classic&quot;,&quot;ang_container_spacing_size&quot;:&quot;default_padding&quot;}\">\n\t\t\t\t<div class=\"elementor-element elementor-element-7e005dbf elementor-repeater-item-none elementor-repeater-item-none_hover elementor-widget elementor-widget-heading\" data-id=\"7e005dbf\" data-element_type=\"widget\" data-e-type=\"widget\" data-widget_type=\"heading.default\">\n\t\t\t\t\t\t\t<h4 class=\"elementor-heading-title elementor-size-default\">1. Identifikation und \u00dcberpr\u00fcfung<\/h4>\t\t\t\t<\/div>\n\t\t\t\t<div class=\"elementor-element elementor-element-4b2b0508 elementor-repeater-item-none elementor-repeater-item-none_hover elementor-widget elementor-widget-text-editor\" data-id=\"4b2b0508\" data-element_type=\"widget\" data-e-type=\"widget\" data-widget_type=\"text-editor.default\">\n\t\t\t\t\t\t\t\t\t\t\t<p class=\"whitespace-normal break-words\">Wir unterst\u00fctzen Sie bei der Ermittlung verd\u00e4chtiger Aktivit\u00e4ten, der <strong data-start=\"813\" data-end=\"857\">\u00dcberpr\u00fcfung von Personen und Unternehmen<\/strong> sowie der Erstellung detaillierter <strong data-start=\"893\" data-end=\"936\">Berichte zur Entscheidungsunterst\u00fctzung<\/strong>.<\/p>\t\t\t\t\t\t\t\t<\/div>\n\t\t\t\t<\/div>\n\t\t<div class=\"elementor-element elementor-element-532fafae e-con-full e-flex elementor-repeater-item-default_padding sk-none elementor-repeater-item-none elementor-repeater-item-none_hover e-con e-child\" data-id=\"532fafae\" data-element_type=\"container\" data-e-type=\"container\" data-settings=\"{&quot;background_background&quot;:&quot;classic&quot;,&quot;ang_container_spacing_size&quot;:&quot;default_padding&quot;}\">\n\t\t\t\t<div class=\"elementor-element elementor-element-4801164c elementor-repeater-item-none elementor-repeater-item-none_hover elementor-widget elementor-widget-heading\" data-id=\"4801164c\" data-element_type=\"widget\" data-e-type=\"widget\" data-widget_type=\"heading.default\">\n\t\t\t\t\t\t\t<h4 class=\"elementor-heading-title elementor-size-default\">2. Recherche von Kontaktinformationen<\/h4>\t\t\t\t<\/div>\n\t\t\t\t<div class=\"elementor-element elementor-element-14118daf elementor-repeater-item-none elementor-repeater-item-none_hover elementor-widget elementor-widget-text-editor\" data-id=\"14118daf\" data-element_type=\"widget\" data-e-type=\"widget\" data-widget_type=\"text-editor.default\">\n\t\t\t\t\t\t\t\t\t\t\t<p class=\"whitespace-normal break-words\">Durch gezielte OSINT-Recherchen ermitteln wir <strong data-start=\"1029\" data-end=\"1099\">Telefonnummern, E-Mail-Adressen und andere Identifikationsmerkmale<\/strong>, um m\u00f6gliche Verbindungen und Auff\u00e4lligkeiten aufzudecken.<\/p>\t\t\t\t\t\t\t\t<\/div>\n\t\t\t\t<\/div>\n\t\t<div class=\"elementor-element elementor-element-4080b53 e-con-full e-flex elementor-repeater-item-default_padding sk-none elementor-repeater-item-none elementor-repeater-item-none_hover e-con e-child\" data-id=\"4080b53\" data-element_type=\"container\" data-e-type=\"container\" data-settings=\"{&quot;background_background&quot;:&quot;classic&quot;,&quot;ang_container_spacing_size&quot;:&quot;default_padding&quot;}\">\n\t\t\t\t<div class=\"elementor-element elementor-element-7df08528 elementor-repeater-item-none elementor-repeater-item-none_hover elementor-widget elementor-widget-heading\" data-id=\"7df08528\" data-element_type=\"widget\" data-e-type=\"widget\" data-widget_type=\"heading.default\">\n\t\t\t\t\t\t\t<h4 class=\"elementor-heading-title elementor-size-default\">3. Digitale Netzwerkanalyse<\/h4>\t\t\t\t<\/div>\n\t\t\t\t<div class=\"elementor-element elementor-element-1db9f5e0 elementor-repeater-item-none elementor-repeater-item-none_hover elementor-widget elementor-widget-text-editor\" data-id=\"1db9f5e0\" data-element_type=\"widget\" data-e-type=\"widget\" data-widget_type=\"text-editor.default\">\n\t\t\t\t\t\t\t\t\t\t\t<p class=\"whitespace-normal break-words\">Wir analysieren die <strong data-start=\"1214\" data-end=\"1292\">Verbindungen zwischen Webseiten, sozialen Netzwerken, Apps und Plattformen<\/strong>, um <strong data-start=\"1297\" data-end=\"1334\">digitale Spuren und Interaktionen<\/strong> sichtbar zu machen.<br data-start=\"1354\" data-end=\"1357\" \/>So lassen sich <strong data-start=\"1372\" data-end=\"1442\">Netzwerke, gemeinsame Aktivit\u00e4ten und potenzielle Risikostrukturen<\/strong> erkennen.<\/p>\t\t\t\t\t\t\t\t<\/div>\n\t\t\t\t<\/div>\n\t\t<div class=\"elementor-element elementor-element-3fbf0310 e-con-full e-flex elementor-repeater-item-default_padding sk-none elementor-repeater-item-none elementor-repeater-item-none_hover e-con e-child\" data-id=\"3fbf0310\" data-element_type=\"container\" data-e-type=\"container\" data-settings=\"{&quot;background_background&quot;:&quot;classic&quot;,&quot;ang_container_spacing_size&quot;:&quot;default_padding&quot;}\">\n\t\t\t\t<div class=\"elementor-element elementor-element-464d7fdc elementor-repeater-item-none elementor-repeater-item-none_hover elementor-widget elementor-widget-heading\" data-id=\"464d7fdc\" data-element_type=\"widget\" data-e-type=\"widget\" data-widget_type=\"heading.default\">\n\t\t\t\t\t\t\t<h4 class=\"elementor-heading-title elementor-size-default\">4. Bankverbindungen und Eigent\u00fcmerstrukturen<\/h4>\t\t\t\t<\/div>\n\t\t\t\t<div class=\"elementor-element elementor-element-28aed799 elementor-repeater-item-none elementor-repeater-item-none_hover elementor-widget elementor-widget-text-editor\" data-id=\"28aed799\" data-element_type=\"widget\" data-e-type=\"widget\" data-widget_type=\"text-editor.default\">\n\t\t\t\t\t\t\t\t\t\t\t<p class=\"whitespace-normal break-words\">Mit spezialisierten Methoden identifizieren wir <strong data-start=\"1553\" data-end=\"1604\">Bankverbindungen, Kontonummern und Kontoinhaber<\/strong>.<br data-start=\"1605\" data-end=\"1608\" \/>Diese Erkenntnisse sind besonders wertvoll bei der Aufdeckung von <strong data-start=\"1674\" data-end=\"1731\">Geldw\u00e4sche, Betrug oder anderen Wirtschaftsstraftaten<\/strong>.<\/p>\t\t\t\t\t\t\t\t<\/div>\n\t\t\t\t<\/div>\n\t\t\t\t<\/div>\n\t\t\t\t<div class=\"elementor-element elementor-element-7efd4500 elementor-repeater-item-none elementor-repeater-item-none_hover elementor-widget elementor-widget-heading\" data-id=\"7efd4500\" data-element_type=\"widget\" data-e-type=\"widget\" data-widget_type=\"heading.default\">\n\t\t\t\t\t\t\t<h2 class=\"elementor-heading-title elementor-size-default\">Rechtssicherheit und Datenschutz<\/h2>\t\t\t\t<\/div>\n\t\t\t\t<div class=\"elementor-element elementor-element-4ba6f7a6 elementor-repeater-item-none elementor-repeater-item-none_hover elementor-widget elementor-widget-text-editor\" data-id=\"4ba6f7a6\" data-element_type=\"widget\" data-e-type=\"widget\" data-widget_type=\"text-editor.default\">\n\t\t\t\t\t\t\t\t\t\t\t<p data-start=\"324\" data-end=\"668\">Alle OSINT-Dienstleistungen werden <strong data-start=\"1815\" data-end=\"1882\">ausschlie\u00dflich im Einklang mit geltenden Gesetzen und der DSGVO<\/strong> durchgef\u00fchrt.<br data-start=\"1896\" data-end=\"1899\" \/>Wir legen h\u00f6chsten Wert auf <strong data-start=\"1927\" data-end=\"2019\">Datenschutz, Transparenz und den verantwortungsvollen Umgang mit sensiblen Informationen<\/strong>.<\/p>\t\t\t\t\t\t\t\t<\/div>\n\t\t\t\t<div class=\"elementor-element elementor-element-5a4d04bd elementor-repeater-item-none elementor-repeater-item-none_hover elementor-widget elementor-widget-heading\" data-id=\"5a4d04bd\" data-element_type=\"widget\" data-e-type=\"widget\" data-widget_type=\"heading.default\">\n\t\t\t\t\t\t\t<h2 class=\"elementor-heading-title elementor-size-default\">OSINT &amp; Kryptoforensik \u2013 Eine starke Kombination<\/h2>\t\t\t\t<\/div>\n\t\t\t\t<div class=\"elementor-element elementor-element-6b3ab69c elementor-repeater-item-none elementor-repeater-item-none_hover elementor-widget elementor-widget-text-editor\" data-id=\"6b3ab69c\" data-element_type=\"widget\" data-e-type=\"widget\" data-widget_type=\"text-editor.default\">\n\t\t\t\t\t\t\t\t\t\t\t<p data-start=\"324\" data-end=\"668\">In Verbindung mit <strong data-start=\"2102\" data-end=\"2120\">Kryptoforensik<\/strong> er\u00f6ffnen sich zus\u00e4tzliche M\u00f6glichkeiten:<br data-start=\"2161\" data-end=\"2164\" \/>W\u00e4hrend OSINT \u00f6ffentlich verf\u00fcgbare Informationen nutzt, erm\u00f6glicht Kryptoforensik die <strong data-start=\"2251\" data-end=\"2313\">Analyse und Nachverfolgung von Kryptow\u00e4hrungstransaktionen<\/strong>.<br data-start=\"2314\" data-end=\"2317\" \/>So lassen sich <strong data-start=\"2332\" data-end=\"2382\">komplexe Betrugsstrukturen schneller aufdecken<\/strong> und <strong data-start=\"2387\" data-end=\"2429\">digitale Zahlungsstr\u00f6me nachvollziehen<\/strong>.<\/p>\t\t\t\t\t\t\t\t<\/div>\n\t\t\t\t<div class=\"elementor-element elementor-element-350f6e37 elementor-repeater-item-none elementor-repeater-item-none_hover elementor-widget elementor-widget-heading\" data-id=\"350f6e37\" data-element_type=\"widget\" data-e-type=\"widget\" data-widget_type=\"heading.default\">\n\t\t\t\t\t\t\t<h2 class=\"elementor-heading-title elementor-size-default\">Individuelle Beratung &amp; Angebot<\/h2>\t\t\t\t<\/div>\n\t\t\t\t<div class=\"elementor-element elementor-element-340fa775 elementor-repeater-item-none elementor-repeater-item-none_hover elementor-widget elementor-widget-text-editor\" data-id=\"340fa775\" data-element_type=\"widget\" data-e-type=\"widget\" data-widget_type=\"text-editor.default\">\n\t\t\t\t\t\t\t\t\t\t\t<p data-start=\"324\" data-end=\"668\">Wir erstellen Ihnen gerne ein <strong data-start=\"2507\" data-end=\"2536\">ma\u00dfgeschneidertes Angebot<\/strong>, das exakt auf Ihre Anforderungen und den gew\u00fcnschten Ermittlungsumfang abgestimmt ist.<br data-start=\"2624\" data-end=\"2627\" \/>Kontaktieren Sie uns f\u00fcr ein pers\u00f6nliches Beratungsgespr\u00e4ch \u2013 <strong data-start=\"2689\" data-end=\"2727\">diskret, kompetent und zuverl\u00e4ssig<\/strong>.<\/p>\t\t\t\t\t\t\t\t<\/div>\n\t\t\t\t<div class=\"elementor-element elementor-element-16844539 elementor-repeater-item-none elementor-repeater-item-none_hover elementor-widget elementor-widget-button\" data-id=\"16844539\" data-element_type=\"widget\" data-e-type=\"widget\" data-widget_type=\"button.default\">\n\t\t\t\t\t\t\t\t\t\t\t\t<a class=\"elementor-button elementor-button-link elementor-size-sm\" href=\"#elementor-action%3Aaction%3Dpopup%3Aopen%26settings%3DeyJpZCI6IjIzNjY0MCIsInRvZ2dsZSI6ZmFsc2V9\">\n\t\t\t\t\t\t<span class=\"elementor-button-content-wrapper\">\n\t\t\t\t\t\t\t\t\t<span class=\"elementor-button-text\"> Soforthilfe - Jetzt kontaktieren<\/span>\n\t\t\t\t\t<\/span>\n\t\t\t\t\t<\/a>\n\t\t\t\t\t\t\t\t<\/div>\n\t\t\t\t<\/div>\n\t\t<div class=\"elementor-element elementor-element-4cfe8efc e-con-full e-flex elementor-repeater-item-default_padding elementor-repeater-item-none elementor-repeater-item-none_hover e-con e-child\" data-id=\"4cfe8efc\" data-element_type=\"container\" data-e-type=\"container\" data-settings=\"{&quot;ang_container_spacing_size&quot;:&quot;default_padding&quot;}\">\n\t\t<div class=\"elementor-element elementor-element-2ec4c4b8 e-con-full e-flex elementor-repeater-item-default_padding elementor-repeater-item-none elementor-repeater-item-none_hover e-con e-child\" data-id=\"2ec4c4b8\" data-element_type=\"container\" data-e-type=\"container\" data-settings=\"{&quot;sticky&quot;:&quot;top&quot;,&quot;sticky_on&quot;:[&quot;desktop&quot;,&quot;tablet&quot;],&quot;sticky_offset&quot;:150,&quot;sticky_parent&quot;:&quot;yes&quot;,&quot;ang_container_spacing_size&quot;:&quot;default_padding&quot;,&quot;sticky_effects_offset&quot;:0,&quot;sticky_anchor_link_offset&quot;:0}\">\n\t\t\t\t<div class=\"elementor-element elementor-element-4aa1c16b external_elementor-repeater-item-none_external elementor-repeater-item-none elementor-repeater-item-none_hover elementor-widget elementor-widget-image\" data-id=\"4aa1c16b\" data-element_type=\"widget\" data-e-type=\"widget\" data-widget_type=\"image.default\">\n\t\t\t\t\t\t\t\t\t\t\t\t\t\t\t\t\t<img fetchpriority=\"high\" decoding=\"async\" width=\"600\" height=\"465\" src=\"https:\/\/krypto-investigation.de\/wp-content\/uploads\/2025\/12\/kryptoinvestigation_soforthilfe.png\" class=\"attachment-large size-large wp-image-237610\" alt=\"\" srcset=\"https:\/\/krypto-investigation.de\/wp-content\/uploads\/2025\/12\/kryptoinvestigation_soforthilfe.png 600w, https:\/\/krypto-investigation.de\/wp-content\/uploads\/2025\/12\/kryptoinvestigation_soforthilfe-300x233.png 300w, https:\/\/krypto-investigation.de\/wp-content\/uploads\/2025\/12\/kryptoinvestigation_soforthilfe-15x12.png 15w\" sizes=\"(max-width: 600px) 100vw, 600px\" title=\"kryptoinvestigation_soforthilfe.png - Krypto Investigation\" \/>\t\t\t\t\t\t\t\t\t\t\t\t\t\t\t<\/div>\n\t\t\t\t<div class=\"elementor-element elementor-element-404c8743 elementor-align-justify elementor-repeater-item-none elementor-repeater-item-none_hover elementor-widget elementor-widget-button\" data-id=\"404c8743\" data-element_type=\"widget\" data-e-type=\"widget\" data-widget_type=\"button.default\">\n\t\t\t\t\t\t\t\t\t\t\t\t<a class=\"elementor-button elementor-button-link elementor-size-sm\" href=\"#elementor-action%3Aaction%3Dpopup%3Aopen%26settings%3DeyJpZCI6IjIzNjY0MCIsInRvZ2dsZSI6ZmFsc2V9\">\n\t\t\t\t\t\t<span class=\"elementor-button-content-wrapper\">\n\t\t\t\t\t\t\t\t\t<span class=\"elementor-button-text\"> Soforthilfe - Jetzt kontaktieren<\/span>\n\t\t\t\t\t<\/span>\n\t\t\t\t\t<\/a>\n\t\t\t\t\t\t\t\t<\/div>\n\t\t\t\t<\/div>\n\t\t\t\t<\/div>\n\t\t\t\t\t<\/div>\n\t\t\t\t<\/div>\n\t\t\t\t<\/div>\n\t\t","protected":false},"excerpt":{"rendered":"<p>Professional OSINT services: Analysing public data, auditing individuals and companies, uncovering suspicious activities in capital law.<\/p>","protected":false},"author":1,"featured_media":0,"parent":0,"menu_order":0,"comment_status":"closed","ping_status":"closed","template":"elementor_header_footer","meta":{"_acf_changed":false,"inline_featured_image":false,"footnotes":""},"class_list":["post-237265","page","type-page","status-publish","hentry"],"acf":[],"aioseo_notices":[],"_links":{"self":[{"href":"https:\/\/krypto-investigation.de\/en\/wp-json\/wp\/v2\/pages\/237265","targetHints":{"allow":["GET"]}}],"collection":[{"href":"https:\/\/krypto-investigation.de\/en\/wp-json\/wp\/v2\/pages"}],"about":[{"href":"https:\/\/krypto-investigation.de\/en\/wp-json\/wp\/v2\/types\/page"}],"author":[{"embeddable":true,"href":"https:\/\/krypto-investigation.de\/en\/wp-json\/wp\/v2\/users\/1"}],"replies":[{"embeddable":true,"href":"https:\/\/krypto-investigation.de\/en\/wp-json\/wp\/v2\/comments?post=237265"}],"version-history":[{"count":21,"href":"https:\/\/krypto-investigation.de\/en\/wp-json\/wp\/v2\/pages\/237265\/revisions"}],"predecessor-version":[{"id":238084,"href":"https:\/\/krypto-investigation.de\/en\/wp-json\/wp\/v2\/pages\/237265\/revisions\/238084"}],"wp:attachment":[{"href":"https:\/\/krypto-investigation.de\/en\/wp-json\/wp\/v2\/media?parent=237265"}],"curies":[{"name":"wp","href":"https:\/\/api.w.org\/{rel}","templated":true}]}}